{"id":712,"date":"2025-06-10T11:07:42","date_gmt":"2025-06-10T09:07:42","guid":{"rendered":"https:\/\/otwarteszkoly.eu\/?page_id=712"},"modified":"2025-06-10T11:14:35","modified_gmt":"2025-06-10T09:14:35","slug":"polityka-prywatnosci","status":"publish","type":"page","link":"https:\/\/otwarteszkoly.eu\/?page_id=712","title":{"rendered":"Polityka Prywatno\u015bci"},"content":{"rendered":"\t\t<div data-elementor-type=\"wp-page\" data-elementor-id=\"712\" class=\"elementor elementor-712\">\n\t\t\t\t<div class=\"elementor-element elementor-element-5c78e03 e-flex e-con-boxed e-con e-parent\" data-id=\"5c78e03\" data-element_type=\"container\">\n\t\t\t\t\t<div class=\"e-con-inner\">\n\t\t\t\t<div class=\"elementor-element elementor-element-0d83a32 elementor-view-default elementor-position-top elementor-mobile-position-top elementor-widget elementor-widget-icon-box\" data-id=\"0d83a32\" data-element_type=\"widget\" data-widget_type=\"icon-box.default\">\n\t\t\t\t<div class=\"elementor-widget-container\">\n\t\t\t\t\t\t\t<div class=\"elementor-icon-box-wrapper\">\n\n\t\t\t\t\t\t<div class=\"elementor-icon-box-icon\">\n\t\t\t\t<span  class=\"elementor-icon\">\n\t\t\t\t<svg aria-hidden=\"true\" class=\"e-font-icon-svg e-fas-star\" viewBox=\"0 0 576 512\" xmlns=\"http:\/\/www.w3.org\/2000\/svg\"><path d=\"M259.3 17.8L194 150.2 47.9 171.5c-26.2 3.8-36.7 36.1-17.7 54.6l105.7 103-25 145.5c-4.5 26.3 23.2 46 46.4 33.7L288 439.6l130.7 68.7c23.2 12.2 50.9-7.4 46.4-33.7l-25-145.5 105.7-103c19-18.5 8.5-50.8-17.7-54.6L382 150.2 316.7 17.8c-11.7-23.6-45.6-23.9-57.4 0z\"><\/path><\/svg>\t\t\t\t<\/span>\n\t\t\t<\/div>\n\t\t\t\n\t\t\t\t\t\t<div class=\"elementor-icon-box-content\">\n\n\t\t\t\t\t\t\t\t\t<h3 class=\"elementor-icon-box-title\">\n\t\t\t\t\t\t<span  >\n\t\t\t\t\t\t\tPolityka Prywatno\u015bci\t\t\t\t\t\t<\/span>\n\t\t\t\t\t<\/h3>\n\t\t\t\t\n\t\t\t\t\t\t\t\t\t<p class=\"elementor-icon-box-description\">\n\t\t\t\t\t\tW zwi\u0105zku z art. 13 ust. 1 i ust. 2 Rozporz\u0105dzenia Parlamentu Europejskiego i Rady (UE) 2016\/679 z 27 kwietnia 2016 r. w sprawie ochrony os\u00f3b fizycznych w zwi\u0105zku z przetwarzaniem danych osobowych i w sprawie swobodnego przep\u0142ywu takich danych oraz uchylenia dyrektywy 95\/46\/WE (og\u00f3lne rozporz\u0105dzenie o ochronie danych) (Dz. Urz. UE L z 04.05.2016 r., Nr 119, s. 1) informujemy, i\u017c:<br><br>\n\nI. ADMINISTRATOR DANYCH:<br>\n\nZgodnie z art. 13 ust. 1 i ust. 2 og\u00f3lnego rozporz\u0105dzenia o ochronie danych osobowych z dnia 27 kwietnia 2016 r informujemy, \u017ce administratorem danych przetwarzanych na naszej stronie internetowej jest Fundacja Serca Kreacja, ul. Gliwicka 35, Tarnowskie G\u00f3ry 42-600, NIP 6452569434.<br><br>\n\nII. CELE PRZETWARZANIA DANYCH OSOBOWYCH I PODSTAWA PRAWNA.<br>\n\n1. Pani\/Pana dane osobowe oraz dane osobowe Pani\/Pana dziecka przetwarzane s\u0105 na podstawie art. 6 ust. 1 lit. a), c) oraz f) RODO w celu realizacji przez Administratora zada\u0144 publicznych, wynikaj\u0105cych wprost z przepis\u00f3w prawa lub okre\u015blonych zadaniami statutowymi Administratora.<br>\n\n2. Przetwarzanie mo\u017ce by\u0107 r\u00f3wnie\u017c niezb\u0119dne w celu wykonania umowy, kt\u00f3rej Pan\/Pani jest stron\u0105 lub do podj\u0119cia dzia\u0142a\u0144, na Pani\/Pana \u017c\u0105danie, przed zawarciem umowy.<br>\n\n3. Mog\u0105 r\u00f3wnie\u017c wyst\u0105pi\u0107 przypadki w kt\u00f3rych zostanie Pan\/Pani poproszony\/a o wyra\u017cenie zgody na przetwarzanie danych osobowych dziecka w okre\u015blonym celu i zakresie.<br>\n\n4. Podstaw\u0105 prawn\u0105 przetwarzania Pana\/Pani danych osobowych oraz danych osobowych Pani\/Pana dziecka w szczeg\u00f3lno\u015bci s\u0105:<br>\n\n1) ustawa z dnia 14 grudnia 2016 r. \u2013 Prawo o\u015bwiatowe (Dz. U z 2017 r. poz. 59 z p\u00f3\u017an. zm.)<br>\n\n2) ustawa z dnia 15 kwietnia 2011 r. o systemie informacji o\u015bwiatowej (tekst jednolity: Dz. U. z 2017 r., poz.2159 z p\u00f3\u017an. zm.)<br>\n\n3) Rozporz\u0105dzenie Ministra Edukacji Narodowej z dnia 25 sierpnia 2017 r. w sprawie sposobu prowadzenia przez publiczne przedszkola, szko\u0142y i plac\u00f3wki dokumentacji przebiegu nauczania, dzia\u0142alno\u015bci wychowawczej i opieku\u0144czej oraz rodzaj\u00f3w tej dokumentacji (Dz. U. z 2017 r., poz. 1646).<br><br>\n\nIII. ODBIORCY DANYCH OSOBOWYCH.<br>\n\nOdbiorcami Pani\/Pana danych oraz danych Pani\/Pana dziecka b\u0119d\u0105 tylko instytucje upowa\u017cnione z mocy prawa.<br><br>\n\nIV. OKRES PRZECHOWYWANIA DANYCH OSOBOWYCH.<br>\n\nDane osobowe przetwarzane przez Administratora przechowywane b\u0119d\u0105 przez okres niezb\u0119dny do realizacji celu dla jakiego zosta\u0142y zebrane oraz zgodnie z terminami archiwizacji okre\u015blonymi przez ustawy kompetencyjne lub ustaw\u0119 z dnia 14 lipca 1983 r. o narodowym zasobie archiwalnym i archiwach (Dz. U. z 2018 r., poz. 217), oraz Rozporz\u0105dzenie Prezesa Rady Ministr\u00f3w z dnia 18 stycznia 2011 r. w sprawie instrukcji kancelaryjnej, jednolitych rzeczowych wykaz\u00f3w akt oraz instrukcji w sprawie organizacji i zakresu dzia\u0142ania archiw\u00f3w zak\u0142adowych. Oznacza to, \u017ce dane osobowe mog\u0105 zosta\u0107 usuni\u0119te po up\u0142ywie okre\u015blonego dla danej kategorii dokumentacji okresu przechowywania, zale\u017cnie od kategorii archiwalnej danej sprawy.<br><br>\n\nV. PRAWA OS\u00d3B, KT\u00d3RYCH DANE DOTYCZ\u0104 DOST\u0118PU DO DANYCH OSOBOWYCH.<br>\n\nNa zasadach okre\u015blonych przepisami RODO, posiada Pani\/Pan prawo do \u017c\u0105dania od Administratora:<br>\n\n1) dost\u0119pu do tre\u015bci swoich danych osobowych oraz danych osobowych Pani\/Pana dziecka,<br>\n\n2) sprostowania (poprawiania) swoich danych osobowych oraz danych Pani\/Pana dziecka,<br>\n\n3) usuni\u0119cia swoich danych osobowych oraz danych Pani\/Pana dziecka,<br>\n\n4) ograniczenia przetwarzania swoich danych osobowych oraz danych Pani\/Pana dziecka,<br>\n\n5) przenoszenia swoich danych osobowych oraz danych Pani\/Pana dziecka,<br>\n\n6) prawo do wniesienia sprzeciwu wobec przetwarzania Pani\/Pana danych oraz danych Pani\/Pana dziecka.<br><br>\n\nVI. PRAWO WNIESIENIA SKARGI DO ORGANU NADZORCZEGO.<br>\n\nGdy uzna Pani\/Pan, i\u017c przetwarzanie Pani\/Pana danych osobowych oraz danych osobowych narusza przepisy o ochronie danych osobowych, przys\u0142uguje Pani\/Panu prawo do wniesienia skargi do organu nadzorczego, kt\u00f3rym jest Prezes Urz\u0119du Ochrony Danych Osobowych.<br><br>\n\nVII. INFORMACJA O WYMOGU PODANIA DANYCH ORAZ KONSEKWENCJACH NIEPODANIA DANYCH OSOBOWYCH.<br>\n\n1. Podanie przez Pani\u0105\/Pana danych osobowych oraz danych osobowych Pani\/Pana dziecka mo\u017ce by\u0107 wymogiem:<br>\n\n1) ustawowym,<br>\n\n2) umownym,<br>\n\n3) warunkiem zawarcia umowy, do kt\u00f3rych podania b\u0119dzie Pani\/Pan zobowi\u0105zana\/y.<br>\n\n2. W przypadku, gdy b\u0119dzie istnia\u0142 obowi\u0105zek ustawowy, a nie poda Pani\/Pan swoich danych, Administrator nie b\u0119dzie m\u00f3g\u0142 zrealizowa\u0107 zadania ustawowego, co mo\u017ce skutkowa\u0107 brakiem mo\u017cliwo\u015bci realizacji celu lub konsekwencjami przewidzianymi przepisami prawa.<br>\n\n3. W przypadku, kiedy podanie danych b\u0119dzie warunkiem zawarcia umowy, a nie poda Pani\/Pan swoich danych, Administrator nie b\u0119dzie m\u00f3g\u0142 zawrze\u0107 takiej umowy.<br><br>\n\nVIII. ZAUTOMATYZOWANE PODEJMOWANIE DECYZJI, PROFILOWANIE.<br>\n\nPani\/Pana dane osobowe nie b\u0119d\u0105 przetwarzane w spos\u00f3b zautomatyzowany i nie b\u0119d\u0105 profilowane.<br><br>\n\nIX. PRZEKAZYWANIE DANYCH DO PA\u0143STW TRZECICH\/ORGANIZACJI MI\u0118DZYNARODOWYCH.<br>\n\nAdministrator nie zamierza przekazywa\u0107 danych odbiorcom do pa\u0144stwa trzeciego lub organizacji mi\u0119dzynarodowej.<br>\t\t\t\t\t<\/p>\n\t\t\t\t\n\t\t\t<\/div>\n\t\t\t\n\t\t<\/div>\n\t\t\t\t\t\t<\/div>\n\t\t\t\t<\/div>\n\t\t\t\t\t<\/div>\n\t\t\t\t<\/div>\n\t\t\t\t<\/div>\n\t\t","protected":false},"excerpt":{"rendered":"<p>Polityka Prywatno\u015bci W zwi\u0105zku z art. 13 ust. 1 i ust. 2 Rozporz\u0105dzenia Parlamentu Europejskiego i Rady (UE) 2016\/679 z 27 kwietnia 2016 r. w sprawie ochrony os\u00f3b fizycznych w &#8230;<\/p>\n","protected":false},"author":1,"featured_media":0,"parent":0,"menu_order":0,"comment_status":"closed","ping_status":"closed","template":"","meta":{"footnotes":""},"class_list":["post-712","page","type-page","status-publish","hentry"],"_links":{"self":[{"href":"https:\/\/otwarteszkoly.eu\/index.php?rest_route=\/wp\/v2\/pages\/712","targetHints":{"allow":["GET"]}}],"collection":[{"href":"https:\/\/otwarteszkoly.eu\/index.php?rest_route=\/wp\/v2\/pages"}],"about":[{"href":"https:\/\/otwarteszkoly.eu\/index.php?rest_route=\/wp\/v2\/types\/page"}],"author":[{"embeddable":true,"href":"https:\/\/otwarteszkoly.eu\/index.php?rest_route=\/wp\/v2\/users\/1"}],"replies":[{"embeddable":true,"href":"https:\/\/otwarteszkoly.eu\/index.php?rest_route=%2Fwp%2Fv2%2Fcomments&post=712"}],"version-history":[{"count":5,"href":"https:\/\/otwarteszkoly.eu\/index.php?rest_route=\/wp\/v2\/pages\/712\/revisions"}],"predecessor-version":[{"id":717,"href":"https:\/\/otwarteszkoly.eu\/index.php?rest_route=\/wp\/v2\/pages\/712\/revisions\/717"}],"wp:attachment":[{"href":"https:\/\/otwarteszkoly.eu\/index.php?rest_route=%2Fwp%2Fv2%2Fmedia&parent=712"}],"curies":[{"name":"wp","href":"https:\/\/api.w.org\/{rel}","templated":true}]}}