{"id":576,"date":"2025-01-10T15:27:28","date_gmt":"2025-01-10T14:27:28","guid":{"rendered":"https:\/\/otwarteszkoly.eu\/?page_id=576"},"modified":"2026-02-06T11:08:13","modified_gmt":"2026-02-06T10:08:13","slug":"wydarzenia","status":"publish","type":"page","link":"https:\/\/otwarteszkoly.eu\/?page_id=576","title":{"rendered":"Wydarzenia"},"content":{"rendered":"\t\t<div data-elementor-type=\"wp-post\" data-elementor-id=\"576\" class=\"elementor elementor-576\">\n\t\t\t\t<div class=\"elementor-element elementor-element-dd1680b e-flex e-con-boxed e-con e-parent\" data-id=\"dd1680b\" data-element_type=\"container\">\n\t\t\t\t\t<div class=\"e-con-inner\">\n\t\t\t\t<div class=\"elementor-element elementor-element-dbdb27c elementor-widget elementor-widget-spacer\" data-id=\"dbdb27c\" data-element_type=\"widget\" data-widget_type=\"spacer.default\">\n\t\t\t\t<div class=\"elementor-widget-container\">\n\t\t\t\t\t\t\t<div class=\"elementor-spacer\">\n\t\t\t<div class=\"elementor-spacer-inner\"><\/div>\n\t\t<\/div>\n\t\t\t\t\t\t<\/div>\n\t\t\t\t<\/div>\n\t\t\t\t<div class=\"elementor-element elementor-element-44f1fc7 elementor-widget elementor-widget-heading\" data-id=\"44f1fc7\" data-element_type=\"widget\" data-widget_type=\"heading.default\">\n\t\t\t\t<div class=\"elementor-widget-container\">\n\t\t\t\t\t<h2 class=\"elementor-heading-title elementor-size-default\">Wydarzenia<\/h2>\t\t\t\t<\/div>\n\t\t\t\t<\/div>\n\t\t\t\t<div class=\"elementor-element elementor-element-62c6aba elementor-widget elementor-widget-spacer\" data-id=\"62c6aba\" data-element_type=\"widget\" data-widget_type=\"spacer.default\">\n\t\t\t\t<div class=\"elementor-widget-container\">\n\t\t\t\t\t\t\t<div class=\"elementor-spacer\">\n\t\t\t<div class=\"elementor-spacer-inner\"><\/div>\n\t\t<\/div>\n\t\t\t\t\t\t<\/div>\n\t\t\t\t<\/div>\n\t\t\t\t\t<\/div>\n\t\t\t\t<\/div>\n\t\t<div class=\"elementor-element elementor-element-7bf411e e-grid e-con-boxed e-con e-parent\" data-id=\"7bf411e\" data-element_type=\"container\">\n\t\t\t\t\t<div class=\"e-con-inner\">\n\t\t\t\t<div class=\"elementor-element elementor-element-16933a5 elementor-position-top elementor-widget elementor-widget-image-box\" data-id=\"16933a5\" data-element_type=\"widget\" data-widget_type=\"image-box.default\">\n\t\t\t\t<div class=\"elementor-widget-container\">\n\t\t\t\t\t<div class=\"elementor-image-box-wrapper\"><figure class=\"elementor-image-box-img\"><a href=\"https:\/\/otwarteszkoly.eu\/?page_id=2008\" tabindex=\"-1\"><img decoding=\"async\" width=\"150\" height=\"150\" src=\"https:\/\/otwarteszkoly.eu\/wp-content\/uploads\/2026\/02\/dzien-otwart-na-www-1-1-150x150.jpg\" class=\"attachment-thumbnail size-thumbnail wp-image-2366\" alt=\"\" \/><\/a><\/figure><div class=\"elementor-image-box-content\"><h3 class=\"elementor-image-box-title\"><a href=\"https:\/\/otwarteszkoly.eu\/?page_id=2008\"><span style=\", Helvetica, Arial, sans-serif;font-size: 15px;font-weight: 400;text-align: start\">Organizacja Po\u017cytku Publicznego OPP<\/span><\/a><\/h3><p class=\"elementor-image-box-description\">Dzie\u0144 Otwarty w Szkole Podstawowej    w grupie edukacji wczesnoszkolnej.<br><br> \n\n<b>Zapraszamy w czwartek 5 marca o godzinie 10:00  <br> <b> \n\u2022 zapraszamy uczni\u00f3w wraz z rodzicami<br>\n\u2022 osoby zainteresowane rekrutacj\u0105 do grupy edukacji wczesnoszkolnej <br>\n\u2022 wszystkich ch\u0119tnych pozna\u0107 nasz\u0105 szko\u0142\u0119 <br><br>\n\nTego dnia:<br>\n- mo\u017cna porozmawia\u0107 z wychowawcami grupy wczesnoszkolnej<br>\n- dzieci wezm\u0105 udzia\u0142 w zaj\u0119ciach pokazowych <br>\n- ch\u0119tne osoby zapoznamy z procesem rekrutacji<\/p><\/div><\/div>\t\t\t\t<\/div>\n\t\t\t\t<\/div>\n\t\t\t\t<div class=\"elementor-element elementor-element-d9841b4 elementor-position-top elementor-widget elementor-widget-image-box\" data-id=\"d9841b4\" data-element_type=\"widget\" data-widget_type=\"image-box.default\">\n\t\t\t\t<div class=\"elementor-widget-container\">\n\t\t\t\t\t<div class=\"elementor-image-box-wrapper\"><figure class=\"elementor-image-box-img\"><a href=\"https:\/\/otwarteszkoly.eu\/?page_id=2338\" tabindex=\"-1\"><img decoding=\"async\" width=\"150\" height=\"150\" src=\"https:\/\/otwarteszkoly.eu\/wp-content\/uploads\/2025\/07\/opp-400x400-1-150x150.png\" class=\"attachment-thumbnail size-thumbnail wp-image-778\" alt=\"\" srcset=\"https:\/\/otwarteszkoly.eu\/wp-content\/uploads\/2025\/07\/opp-400x400-1-150x150.png 150w, https:\/\/otwarteszkoly.eu\/wp-content\/uploads\/2025\/07\/opp-400x400-1-300x300.png 300w, https:\/\/otwarteszkoly.eu\/wp-content\/uploads\/2025\/07\/opp-400x400-1.png 400w\" sizes=\"(max-width: 150px) 100vw, 150px\" \/><\/a><\/figure><div class=\"elementor-image-box-content\"><h3 class=\"elementor-image-box-title\"><a href=\"https:\/\/otwarteszkoly.eu\/?page_id=2338\"><span style=\", Helvetica, Arial, sans-serif;font-size: 15px;font-weight: 400;text-align: start\">Organizacja Po\u017cytku Publicznego OPP<\/span><\/a><\/h3><p class=\"elementor-image-box-description\">Z dum\u0105 informujemy, \u017ce Fundacja Serca Kreacja uzyska\u0142a status Organizacji Po\u017cytku Publicznego (OPP)! \u2764\ufe0f\n<br><br>\nTo dla nas ogromny krok naprz\u00f3d i potwierdzenie, \u017ce nasza dzia\u0142alno\u015b\u0107 ma realne znaczenie i zaufanie spo\u0142eczne. Dzi\u0119ki statusowi OPP b\u0119dziemy mogli jeszcze skuteczniej pomaga\u0107, rozwija\u0107 nasze inicjatywy\ni przyjmowa\u0107 1,5% podatku na nasz\u0105 dzia\u0142alno\u015b\u0107 \ud83d\udcaa\n\n<br>\n<br>\n<b>Jak przekaza\u0107 nam 1,5% swojego podatku?<b>\n <br><br>\n\nZnajd\u017a sekcj\u0119 OPP w formularzu PIT (np. PIT-37, PIT-36) szukaj sekcji zatytu\u0142owanej:\n<br>\n\"Wniosek o przekazanie 1,5% podatku nale\u017cnego na rzecz organizacji po\u017cytku publicznego (OPP)\".\n<br><br>\nWpisz dane Fundacji Serca Kreacja i numer KRS: 0000898298\n<br>\nTo wszystko! Dzi\u0119kujemy!<\/p><\/div><\/div>\t\t\t\t<\/div>\n\t\t\t\t<\/div>\n\t\t\t\t<div class=\"elementor-element elementor-element-600ce79 elementor-position-top elementor-widget elementor-widget-image-box\" data-id=\"600ce79\" data-element_type=\"widget\" data-widget_type=\"image-box.default\">\n\t\t\t\t<div class=\"elementor-widget-container\">\n\t\t\t\t\t<div class=\"elementor-image-box-wrapper\"><figure class=\"elementor-image-box-img\"><a href=\"https:\/\/otwarteszkoly.eu\/?page_id=1978\" tabindex=\"-1\"><img decoding=\"async\" width=\"150\" height=\"150\" src=\"https:\/\/otwarteszkoly.eu\/wp-content\/uploads\/2025\/03\/OTWARTA-SZKOLA-24-150x150.jpg\" class=\"attachment-thumbnail size-thumbnail wp-image-653\" alt=\"\" \/><\/a><\/figure><div class=\"elementor-image-box-content\"><h3 class=\"elementor-image-box-title\"><a href=\"https:\/\/otwarteszkoly.eu\/?page_id=1978\"><span style=\", Helvetica, Arial, sans-serif;font-size: 15px;font-weight: 400;text-align: start\">Rozpocz\u0119cie roku szkolnego 2025\/26<\/span><\/a><\/h3><p class=\"elementor-image-box-description\">Serdzecznie zapraszamy uczni\u00f3w na rozpocz\u0119cie roku szkolnego dnia <b>1 wrze\u015bnia<\/b> na godzin\u0119 10:00.<br><br>\n\nW dniu <b> 2 wrze\u015bnia<\/b> zaj\u0119cia rozpoczynaj\u0105 si\u0119 o godz. 9:00 i do godziny 12:45 b\u0119d\u0105 to zaj\u0119cia w grupach z wychowawcami. Nast\u0119pne lekcje zgodnie z planem.<\/p><\/div><\/div>\t\t\t\t<\/div>\n\t\t\t\t<\/div>\n\t\t\t\t<div class=\"elementor-element elementor-element-edb8c35 elementor-position-top elementor-widget elementor-widget-image-box\" data-id=\"edb8c35\" data-element_type=\"widget\" data-widget_type=\"image-box.default\">\n\t\t\t\t<div class=\"elementor-widget-container\">\n\t\t\t\t\t<div class=\"elementor-image-box-wrapper\"><figure class=\"elementor-image-box-img\"><a href=\"https:\/\/otwarteszkoly.eu\/?page_id=528\" tabindex=\"-1\"><img loading=\"lazy\" decoding=\"async\" width=\"150\" height=\"150\" src=\"https:\/\/otwarteszkoly.eu\/wp-content\/uploads\/2025\/06\/sala1-wynajem-150x150.jpg\" class=\"attachment-thumbnail size-thumbnail wp-image-700\" alt=\"\" srcset=\"https:\/\/otwarteszkoly.eu\/wp-content\/uploads\/2025\/06\/sala1-wynajem-150x150.jpg 150w, https:\/\/otwarteszkoly.eu\/wp-content\/uploads\/2025\/06\/sala1-wynajem-300x300.jpg 300w, https:\/\/otwarteszkoly.eu\/wp-content\/uploads\/2025\/06\/sala1-wynajem.jpg 400w\" sizes=\"(max-width: 150px) 100vw, 150px\" \/><\/a><\/figure><div class=\"elementor-image-box-content\"><h3 class=\"elementor-image-box-title\"><a href=\"https:\/\/otwarteszkoly.eu\/?page_id=528\"><span style=\", Helvetica, Arial, sans-serif;font-size: 15px;font-weight: 400;text-align: start\">Wynajem sal szkoleniowych<\/span><\/a><\/h3><p class=\"elementor-image-box-description\">Wynajem sal szkoleniowych w nowoczesnym budynku szko\u0142y w Tarnowskich G\u00f3rach ul. Kochanowskiego 26a. <br>\nSale dost\u0119pne s\u0105 na pojedyncze godziny w dni nauki szkolnej, popo\u0142udniami od godz. 17:00. Wynajem ca\u0142odniowy mo\u017cliwy w dni wolne oraz w weekendy. <br>\n\nSzczeg\u00f3\u0142owa dost\u0119pno\u015b\u0107 sal na zapytanie: tel. +48 698 282 293.<br>\nDost\u0119pne s\u0105 trzy sale o powierzchni ~30 m kw.  oraz dwie sale o pow. ~50 m kw. w tym jedna z kuchni\u0105.\nSzczeg\u00f3\u0142y: https:\/\/otwarteszkoly.eu\/?page_id=528<\/p><\/div><\/div>\t\t\t\t<\/div>\n\t\t\t\t<\/div>\n\t\t\t\t<div class=\"elementor-element elementor-element-c94168b elementor-position-top elementor-widget elementor-widget-image-box\" data-id=\"c94168b\" data-element_type=\"widget\" data-widget_type=\"image-box.default\">\n\t\t\t\t<div class=\"elementor-widget-container\">\n\t\t\t\t\t<div class=\"elementor-image-box-wrapper\"><figure class=\"elementor-image-box-img\"><img loading=\"lazy\" decoding=\"async\" width=\"2480\" height=\"1396\" src=\"https:\/\/otwarteszkoly.eu\/wp-content\/uploads\/2025\/04\/alicja-dlugolecka-do-wydarzenia-www.jpg\" class=\"attachment-full size-full wp-image-688\" alt=\"\" srcset=\"https:\/\/otwarteszkoly.eu\/wp-content\/uploads\/2025\/04\/alicja-dlugolecka-do-wydarzenia-www.jpg 2480w, https:\/\/otwarteszkoly.eu\/wp-content\/uploads\/2025\/04\/alicja-dlugolecka-do-wydarzenia-www-300x169.jpg 300w, https:\/\/otwarteszkoly.eu\/wp-content\/uploads\/2025\/04\/alicja-dlugolecka-do-wydarzenia-www-1024x576.jpg 1024w, https:\/\/otwarteszkoly.eu\/wp-content\/uploads\/2025\/04\/alicja-dlugolecka-do-wydarzenia-www-768x432.jpg 768w, https:\/\/otwarteszkoly.eu\/wp-content\/uploads\/2025\/04\/alicja-dlugolecka-do-wydarzenia-www-1536x865.jpg 1536w, https:\/\/otwarteszkoly.eu\/wp-content\/uploads\/2025\/04\/alicja-dlugolecka-do-wydarzenia-www-2048x1153.jpg 2048w\" sizes=\"(max-width: 2480px) 100vw, 2480px\" \/><\/figure><div class=\"elementor-image-box-content\"><h3 class=\"elementor-image-box-title\"><span style=\", Helvetica, Arial, sans-serif;font-size: 15px;font-weight: 400;text-align: start\">17 maja 2025 11:00 Spotkanie z dr Alicj\u0105 D\u0142ugo\u0142\u0119ck\u0105<\/span><\/h3><p class=\"elementor-image-box-description\">Stowarzyszenie \"Mama, Tata i Ja\" wraz z Fundacj\u0105 Serca Kreacja zaprasza na spotkanie z <b>dr Alicj\u0105 D\u0142ugo\u0142\u0119ck\u0105 <\/b> - pedagog, edukatork\u0105 seksualn\u0105, wyk\u0142adowczyni\u0105, psychoterapeutk\u0105 w nurcie humanistyczno - do\u015bwiadczeniowym. <br> Autorka licznych ksi\u0105\u017cek i artyku\u0142\u00f3w z zakresu edukacji psychoseksualnej. Szczeg\u00f3lnie bliskie s\u0105 jej tematy zwi\u0105zane z seksualno\u015bci\u0105 kobiet i os\u00f3b z r\u00f3\u017cnymi niepe\u0142nosprawno\u015bciami. Wsp\u00f3\u0142pracuje z fundacjami i padzi projekty badawcze z tego obszaru. \nJako edukatorka seksualna zajmuje si\u0119 poradnictwem w zakresie szeroko poj\u0119tej edukacji seksualnej w r\u00f3\u017cnych fazach \u017cycia: dzieci, m\u0142odzie\u017cy i os\u00f3b doros\u0142ych zapraszamy wszystkich rodzic\u00f3w, kt\u00f3rzy chc\u0105 \u015bwiadomie towarzyszy\u0107 swoim dzieciom na ka\u017cdym etapie rozwoju.<br><br> Szczeg\u00f3\u0142owe informacje: tel. 883 345 432. <b>Koszt udzia\u0142u w warsztatach 100 z\u0142.<\/b><br> Dla rodzic\u00f3w naszych uczni\u00f3w przewidziane s\u0105 zni\u017cki - zainteresowanych rodzic\u00f3w prosimy o kontakt.<\/p><\/div><\/div>\t\t\t\t<\/div>\n\t\t\t\t<\/div>\n\t\t\t\t<div class=\"elementor-element elementor-element-9159657 elementor-position-top elementor-widget elementor-widget-image-box\" data-id=\"9159657\" data-element_type=\"widget\" data-widget_type=\"image-box.default\">\n\t\t\t\t<div class=\"elementor-widget-container\">\n\t\t\t\t\t<div class=\"elementor-image-box-wrapper\"><figure class=\"elementor-image-box-img\"><img loading=\"lazy\" decoding=\"async\" width=\"2480\" height=\"1396\" src=\"https:\/\/otwarteszkoly.eu\/wp-content\/uploads\/2025\/04\/izajaderek-wydarzenie-www.jpg\" class=\"attachment-full size-full wp-image-687\" alt=\"\" srcset=\"https:\/\/otwarteszkoly.eu\/wp-content\/uploads\/2025\/04\/izajaderek-wydarzenie-www.jpg 2480w, https:\/\/otwarteszkoly.eu\/wp-content\/uploads\/2025\/04\/izajaderek-wydarzenie-www-300x169.jpg 300w, https:\/\/otwarteszkoly.eu\/wp-content\/uploads\/2025\/04\/izajaderek-wydarzenie-www-1024x576.jpg 1024w, https:\/\/otwarteszkoly.eu\/wp-content\/uploads\/2025\/04\/izajaderek-wydarzenie-www-768x432.jpg 768w, https:\/\/otwarteszkoly.eu\/wp-content\/uploads\/2025\/04\/izajaderek-wydarzenie-www-1536x865.jpg 1536w, https:\/\/otwarteszkoly.eu\/wp-content\/uploads\/2025\/04\/izajaderek-wydarzenie-www-2048x1153.jpg 2048w\" sizes=\"(max-width: 2480px) 100vw, 2480px\" \/><\/figure><div class=\"elementor-image-box-content\"><h3 class=\"elementor-image-box-title\"><span style=\", Helvetica, Arial, sans-serif;font-size: 15px;font-weight: 400;text-align: start\">10 maja 2025 9:00&nbsp; Rozw\u00f3j psychoseksualny dziecka<\/span><\/h3><p class=\"elementor-image-box-description\">Stowarzyszenie \"Mama, Tata i Ja\" wraz z Fundacj\u0105 Serca kreacja zaprasza na spotkanie z <b>dr n. med. Izabel\u0105 J\u0105derek <\/b>\npsycholog, psychoterapeutk\u0105, specjalistk\u0105 psychoseksuolog, wi\u0119cej mo\u017cna dowiedzie\u0107 si\u0119 ze strony: https:\/\/izajaderek.pl\/kim-jestem-i-co-robie\/  <br>\n<p>Podczas wydarzenia poruszymy temat <strong>rozwoju psychoseksualnego dzieci przed okresem dojrzewania oraz w trakcie dojrzewania<\/strong>. To doskona\u0142a okazja, aby dowiedzie\u0107 si\u0119 wi\u0119cej o tym, jak wspiera\u0107 dzieci w tym wa\u017cnym etapie ich \u017cycia.<\/p><span style=\"font-size: 0.875rem\">Spotkanie odb\u0119dzie si\u0119 w przyjaznej atmosferze, z mo\u017cliwo\u015bci\u0105 zadawania pyta\u0144 i wymiany do\u015bwiadcze\u0144.  B\u0119dzie te\u017c mo\u017cliwo\u015b\u0107 zakupu ksi\u0105\u017cki pani Izabeli. <br> <\/span><br><span style=\"font-size: 0.875rem\">Nie przegapcie tej szansy na zdobycie cennej wiedzy!<\/span> <br>Szczeg\u00f3\u0142owe informacje: tel. 883 345 432.  <b>Koszt warsztat\u00f3w 225 z\u0142.<\/b><br> Dla rodzic\u00f3w naszych uczni\u00f3w przewidziane s\u0105 zni\u017cki - zainteresowanych rodzic\u00f3w prosimy o kontakt.<\/p><\/div><\/div>\t\t\t\t<\/div>\n\t\t\t\t<\/div>\n\t\t\t\t<div class=\"elementor-element elementor-element-3e6e2f5 elementor-position-top elementor-widget elementor-widget-image-box\" data-id=\"3e6e2f5\" data-element_type=\"widget\" data-widget_type=\"image-box.default\">\n\t\t\t\t<div class=\"elementor-widget-container\">\n\t\t\t\t\t<div class=\"elementor-image-box-wrapper\"><figure class=\"elementor-image-box-img\"><img loading=\"lazy\" decoding=\"async\" width=\"2480\" height=\"1396\" src=\"https:\/\/otwarteszkoly.eu\/wp-content\/uploads\/2025\/01\/plakat-marek-dragosz-do-wydarzenia.jpg\" class=\"attachment-full size-full wp-image-587\" alt=\"\" srcset=\"https:\/\/otwarteszkoly.eu\/wp-content\/uploads\/2025\/01\/plakat-marek-dragosz-do-wydarzenia.jpg 2480w, https:\/\/otwarteszkoly.eu\/wp-content\/uploads\/2025\/01\/plakat-marek-dragosz-do-wydarzenia-300x169.jpg 300w, https:\/\/otwarteszkoly.eu\/wp-content\/uploads\/2025\/01\/plakat-marek-dragosz-do-wydarzenia-1024x576.jpg 1024w, https:\/\/otwarteszkoly.eu\/wp-content\/uploads\/2025\/01\/plakat-marek-dragosz-do-wydarzenia-768x432.jpg 768w, https:\/\/otwarteszkoly.eu\/wp-content\/uploads\/2025\/01\/plakat-marek-dragosz-do-wydarzenia-1536x865.jpg 1536w, https:\/\/otwarteszkoly.eu\/wp-content\/uploads\/2025\/01\/plakat-marek-dragosz-do-wydarzenia-2048x1153.jpg 2048w\" sizes=\"(max-width: 2480px) 100vw, 2480px\" \/><\/figure><div class=\"elementor-image-box-content\"><h3 class=\"elementor-image-box-title\"><span style=\", Helvetica, Arial, sans-serif;font-size: 15px;font-weight: 400;text-align: start\">31 stycznia 2025 17:00 Spotkanie otwarte z Markiem Dragoszem<\/span><\/h3><p class=\"elementor-image-box-description\">By\u0142y selekcjoner reprezentacji Polski w ampfutbolu, trener pi\u0142ki no\u017cnej. M\u00f3wca motywacyjny. Pracuje ze sportowcami w zakresie wsparcia mentalnego.<br>\nMarek Dragosz sp\u0119dzi dzie\u0144 z dzie\u0107mi i m\u0142odzie\u017c\u0105 a popo\u0142udniu odb\u0119dzie si\u0119 spotkanie autorskie. <br> \nKilka s\u0142\u00f3w o autorze: <br>\nPodr\u00f3\u017cuj\u0105c odwiedzi\u0142 z g\u00f3r\u0105 sto kraj\u00f3w. W wi\u0119kszo\u015bci z nich dzieli\u0142 si\u0119 swoimi do\u015bwiadczeniami. Poszukuj\u0105c wiedzy i inspiracji zajrza\u0142 do ponad trzydziestu topowych klub\u00f3w pi\u0142karskich na \u015bwiecie.<br>\nZ ampfutbolow\u0105 reprezentacj\u0105 narodow\u0105 zdoby\u0142 dwukrotnie br\u0105zowe medale Mistrzostw Europy oraz czwarte miejsce w Mistrzostwach \u015awiata.<br>\nOrganizator imprez i akcji charytatywnych zwi\u0105zanych z dzie\u0107mi i sportem. Fundator \u201eKeepers Foundation\u201d, pomagaj\u0105cej potrzebuj\u0105cym dzieciom w Polsce oraz m\u0142odym zawodnikom i trenerom na ca\u0142ym \u015bwiecie.<br>\nZa wybitne zas\u0142ugi dla rozwoju i upowszechniania sportu os\u00f3b niepe\u0142nosprawnych, za promowanie Polski na arenie mi\u0119dzynarodowej odznaczony Krzy\u017cem Kawalerskim Orderu Odrodzenia Polski.<\/p><\/div><\/div>\t\t\t\t<\/div>\n\t\t\t\t<\/div>\n\t\t\t\t<div class=\"elementor-element elementor-element-cb2ed1a elementor-position-top elementor-widget elementor-widget-image-box\" data-id=\"cb2ed1a\" data-element_type=\"widget\" data-widget_type=\"image-box.default\">\n\t\t\t\t<div class=\"elementor-widget-container\">\n\t\t\t\t\t<div class=\"elementor-image-box-wrapper\"><figure class=\"elementor-image-box-img\"><img loading=\"lazy\" decoding=\"async\" width=\"2560\" height=\"1707\" src=\"https:\/\/otwarteszkoly.eu\/wp-content\/uploads\/2025\/01\/warsztaty-porozumienie-bez-przemocy-scaled.jpg\" class=\"attachment-full size-full wp-image-579\" alt=\"\" srcset=\"https:\/\/otwarteszkoly.eu\/wp-content\/uploads\/2025\/01\/warsztaty-porozumienie-bez-przemocy-scaled.jpg 2560w, https:\/\/otwarteszkoly.eu\/wp-content\/uploads\/2025\/01\/warsztaty-porozumienie-bez-przemocy-300x200.jpg 300w, https:\/\/otwarteszkoly.eu\/wp-content\/uploads\/2025\/01\/warsztaty-porozumienie-bez-przemocy-1024x683.jpg 1024w, https:\/\/otwarteszkoly.eu\/wp-content\/uploads\/2025\/01\/warsztaty-porozumienie-bez-przemocy-768x512.jpg 768w, https:\/\/otwarteszkoly.eu\/wp-content\/uploads\/2025\/01\/warsztaty-porozumienie-bez-przemocy-1536x1024.jpg 1536w, https:\/\/otwarteszkoly.eu\/wp-content\/uploads\/2025\/01\/warsztaty-porozumienie-bez-przemocy-2048x1365.jpg 2048w\" sizes=\"(max-width: 2560px) 100vw, 2560px\" \/><\/figure><div class=\"elementor-image-box-content\"><h3 class=\"elementor-image-box-title\"><span style=\", Helvetica, Arial, sans-serif;font-size: 15px;font-weight: 400;text-align: start\">28 stycznia 2025 17:00 Warsztaty dla doros\u0142ych - Porozumienie bez przemocy<\/span><\/h3><p class=\"elementor-image-box-description\"><b>UWAGA - ZMIANA TERMINU!<\/b> Warsztaty skierowane dla doros\u0142ych, w szczeg\u00f3lno\u015bci dla rodzic\u00f3w i edukator\u00f3w w ramach kt\u00f3rych poznamy praktyczne sposoby, prze\u0107wiczymy komunikacj\u0119 i wsp\u00f3\u0142prac\u0119 w sytuacjach konfliktowych. Zastanowimy si\u0119 te\u017c, co mo\u017ce by\u0107 przyczyn\u0105 k\u0142\u00f3tni i nieporozumie\u0144 oraz co sami mo\u017cemy zrobi\u0107, by prowokowa\u0107 mniej spor\u00f3w. <br>\nWarsztaty b\u0119d\u0105 prowadzone w oparciu o metodologi\u0119 Porozumienia Bez Przemocy (NVC) oraz Metody Betzavta. <br>\n<b>Prowadz\u0105cy:<\/b> Adam Lip - edukator Otwartej Szko\u0142y i trener umiej\u0119tno\u015bci mi\u0119kkich.<br> <b>Czas trwania:<\/b>  2h<\/p><\/div><\/div>\t\t\t\t<\/div>\n\t\t\t\t<\/div>\n\t\t\t\t<div class=\"elementor-element elementor-element-dfbf02e elementor-position-top elementor-widget elementor-widget-image-box\" data-id=\"dfbf02e\" data-element_type=\"widget\" data-widget_type=\"image-box.default\">\n\t\t\t\t<div class=\"elementor-widget-container\">\n\t\t\t\t\t<div class=\"elementor-image-box-wrapper\"><figure class=\"elementor-image-box-img\"><a href=\"https:\/\/otwarteszkoly.eu\/?page_id=629\" tabindex=\"-1\"><img loading=\"lazy\" decoding=\"async\" width=\"2480\" height=\"1396\" src=\"https:\/\/otwarteszkoly.eu\/wp-content\/uploads\/2025\/03\/otwarcie-okladka.jpg\" class=\"attachment-full size-full wp-image-641\" alt=\"\" srcset=\"https:\/\/otwarteszkoly.eu\/wp-content\/uploads\/2025\/03\/otwarcie-okladka.jpg 2480w, https:\/\/otwarteszkoly.eu\/wp-content\/uploads\/2025\/03\/otwarcie-okladka-300x169.jpg 300w, https:\/\/otwarteszkoly.eu\/wp-content\/uploads\/2025\/03\/otwarcie-okladka-1024x576.jpg 1024w, https:\/\/otwarteszkoly.eu\/wp-content\/uploads\/2025\/03\/otwarcie-okladka-768x432.jpg 768w, https:\/\/otwarteszkoly.eu\/wp-content\/uploads\/2025\/03\/otwarcie-okladka-1536x865.jpg 1536w, https:\/\/otwarteszkoly.eu\/wp-content\/uploads\/2025\/03\/otwarcie-okladka-2048x1153.jpg 2048w\" sizes=\"(max-width: 2480px) 100vw, 2480px\" \/><\/a><\/figure><div class=\"elementor-image-box-content\"><h3 class=\"elementor-image-box-title\"><a href=\"https:\/\/otwarteszkoly.eu\/?page_id=629\"><span style=\", Helvetica, Arial, sans-serif;font-size: 15px;font-weight: 400;text-align: start\">20 wrze\u015bnia 2024&nbsp; uroczyste otwarcie szko\u0142y<\/span><\/a><\/h3><p class=\"elementor-image-box-description\">W pi\u0105tek 20 wrze\u015bnia 2024 roku uroczy\u015bcie otwarli\u015bmy Otwart\u0105 Szko\u0142\u0119. Dzie\u0144 by\u0142 pe\u0142en emocji i radosnych wydarze\u0144! <br>Przywitali\u015bmy naszych go\u015bci w nowej, przestronnej siedzibie przy ul. Kochanowskiego 26a, gdzie odby\u0142o si\u0119 uroczyste przeci\u0119cie wst\u0119gi. \nZwiedzanie wn\u0119trz szko\u0142y pozwoli\u0142o wszystkim zobaczy\u0107, jak zosta\u0142a zaprojektowana, by sprzyja\u0107 nauce i kreatywno\u015bci. Go\u015bcie mogli uczestniczy\u0107 w warsztatach, kt\u00f3re wprowadza\u0142y w nasz\u0105 wizj\u0119 edukacji  czym prowadzili inspiruj\u0105ce rozmowy o nowych metodach nauczania. \n<br>Atmosfer\u0119 umili\u0142 wyst\u0119p tarnog\u00f3rskiego Silesian Brass Quartet oraz pocz\u0119stunek przygotowany z my\u015bl\u0105 o naszych go\u015bciach. By\u0142 to niezapomniany dzie\u0144 pe\u0142en pozytywnej energii, kt\u00f3rym oficjalnie rozpocz\u0119li\u015bmy nowy etap edukacji w naszym mie\u015bcie.<br><br>Zobacz galeri\u0119 zdj\u0119\u0107 z tego dnia (kliknij w miniatur\u0119 zdj\u0119cia)<\/p><\/div><\/div>\t\t\t\t<\/div>\n\t\t\t\t<\/div>\n\t\t\t\t<div class=\"elementor-element elementor-element-f46cbfc elementor-widget elementor-widget-spacer\" data-id=\"f46cbfc\" data-element_type=\"widget\" data-widget_type=\"spacer.default\">\n\t\t\t\t<div class=\"elementor-widget-container\">\n\t\t\t\t\t\t\t<div class=\"elementor-spacer\">\n\t\t\t<div class=\"elementor-spacer-inner\"><\/div>\n\t\t<\/div>\n\t\t\t\t\t\t<\/div>\n\t\t\t\t<\/div>\n\t\t\t\t\t<\/div>\n\t\t\t\t<\/div>\n\t\t\t\t<\/div>\n\t\t","protected":false},"excerpt":{"rendered":"<p>Wydarzenia Organizacja Po\u017cytku Publicznego OPP Dzie\u0144 Otwarty w Szkole Podstawowej w grupie edukacji wczesnoszkolnej. Zapraszamy w czwartek 5 marca o godzinie 10:00 \u2022 zapraszamy uczni\u00f3w wraz z rodzicami \u2022 osoby &#8230;<\/p>\n","protected":false},"author":1,"featured_media":0,"parent":0,"menu_order":0,"comment_status":"closed","ping_status":"closed","template":"","meta":{"footnotes":""},"class_list":["post-576","page","type-page","status-publish","hentry"],"_links":{"self":[{"href":"https:\/\/otwarteszkoly.eu\/index.php?rest_route=\/wp\/v2\/pages\/576","targetHints":{"allow":["GET"]}}],"collection":[{"href":"https:\/\/otwarteszkoly.eu\/index.php?rest_route=\/wp\/v2\/pages"}],"about":[{"href":"https:\/\/otwarteszkoly.eu\/index.php?rest_route=\/wp\/v2\/types\/page"}],"author":[{"embeddable":true,"href":"https:\/\/otwarteszkoly.eu\/index.php?rest_route=\/wp\/v2\/users\/1"}],"replies":[{"embeddable":true,"href":"https:\/\/otwarteszkoly.eu\/index.php?rest_route=%2Fwp%2Fv2%2Fcomments&post=576"}],"version-history":[{"count":70,"href":"https:\/\/otwarteszkoly.eu\/index.php?rest_route=\/wp\/v2\/pages\/576\/revisions"}],"predecessor-version":[{"id":2379,"href":"https:\/\/otwarteszkoly.eu\/index.php?rest_route=\/wp\/v2\/pages\/576\/revisions\/2379"}],"wp:attachment":[{"href":"https:\/\/otwarteszkoly.eu\/index.php?rest_route=%2Fwp%2Fv2%2Fmedia&parent=576"}],"curies":[{"name":"wp","href":"https:\/\/api.w.org\/{rel}","templated":true}]}}