{"id":451,"date":"2024-10-03T12:20:13","date_gmt":"2024-10-03T10:20:13","guid":{"rendered":"https:\/\/otwarteszkoly.eu\/?page_id=451"},"modified":"2025-07-08T11:51:31","modified_gmt":"2025-07-08T09:51:31","slug":"aktualnie-potrzebujemy-wsparcia-w-zakupie","status":"publish","type":"page","link":"https:\/\/otwarteszkoly.eu\/?page_id=451","title":{"rendered":"Aktualnie potrzebujemy wsparcia w zakupie:"},"content":{"rendered":"\t\t<div data-elementor-type=\"wp-page\" data-elementor-id=\"451\" class=\"elementor elementor-451\">\n\t\t\t\t<div class=\"elementor-element elementor-element-2d433526 e-flex e-con-boxed e-con e-parent\" data-id=\"2d433526\" data-element_type=\"container\">\n\t\t\t\t\t<div class=\"e-con-inner\">\n\t\t\t\t<div class=\"elementor-element elementor-element-8be7564 elementor-widget elementor-widget-spacer\" data-id=\"8be7564\" data-element_type=\"widget\" data-widget_type=\"spacer.default\">\n\t\t\t\t<div class=\"elementor-widget-container\">\n\t\t\t\t\t\t\t<div class=\"elementor-spacer\">\n\t\t\t<div class=\"elementor-spacer-inner\"><\/div>\n\t\t<\/div>\n\t\t\t\t\t\t<\/div>\n\t\t\t\t<\/div>\n\t\t\t\t<div class=\"elementor-element elementor-element-444646d elementor-widget elementor-widget-spacer\" data-id=\"444646d\" data-element_type=\"widget\" data-widget_type=\"spacer.default\">\n\t\t\t\t<div class=\"elementor-widget-container\">\n\t\t\t\t\t\t\t<div class=\"elementor-spacer\">\n\t\t\t<div class=\"elementor-spacer-inner\"><\/div>\n\t\t<\/div>\n\t\t\t\t\t\t<\/div>\n\t\t\t\t<\/div>\n\t\t\t\t\t<\/div>\n\t\t\t\t<\/div>\n\t\t<div class=\"elementor-element elementor-element-ef7c711 e-flex e-con-boxed e-con e-parent\" data-id=\"ef7c711\" data-element_type=\"container\">\n\t\t\t\t\t<div class=\"e-con-inner\">\n\t\t<div class=\"elementor-element elementor-element-c3f3100 e-con-full e-flex e-con e-child\" data-id=\"c3f3100\" data-element_type=\"container\">\n\t\t\t\t<div class=\"elementor-element elementor-element-167593f elementor-widget elementor-widget-image\" data-id=\"167593f\" data-element_type=\"widget\" data-widget_type=\"image.default\">\n\t\t\t\t<div class=\"elementor-widget-container\">\n\t\t\t\t\t\t\t\t\t\t\t\t\t\t\t<img fetchpriority=\"high\" decoding=\"async\" width=\"640\" height=\"400\" src=\"https:\/\/otwarteszkoly.eu\/wp-content\/uploads\/2024\/10\/top-view-desk-composition-1-640x400.jpg\" class=\"attachment-onepress-medium size-onepress-medium wp-image-453\" alt=\"\" srcset=\"https:\/\/otwarteszkoly.eu\/wp-content\/uploads\/2024\/10\/top-view-desk-composition-1-640x400.jpg 640w, https:\/\/otwarteszkoly.eu\/wp-content\/uploads\/2024\/10\/top-view-desk-composition-1-480x300.jpg 480w\" sizes=\"(max-width: 640px) 100vw, 640px\" \/>\t\t\t\t\t\t\t\t\t\t\t\t\t\t\t<\/div>\n\t\t\t\t<\/div>\n\t\t\t\t<\/div>\n\t\t<div class=\"elementor-element elementor-element-b1bc653 e-con-full e-flex e-con e-child\" data-id=\"b1bc653\" data-element_type=\"container\">\n\t\t<div class=\"elementor-element elementor-element-972e93c e-con-full e-flex e-con e-child\" data-id=\"972e93c\" data-element_type=\"container\">\n\t\t\t\t<div class=\"elementor-element elementor-element-2785e5d elementor-widget elementor-widget-heading\" data-id=\"2785e5d\" data-element_type=\"widget\" data-widget_type=\"heading.default\">\n\t\t\t\t<div class=\"elementor-widget-container\">\n\t\t\t\t\t<h2 class=\"elementor-heading-title elementor-size-default\"><h2 class=\"elementor-heading-title elementor-size-default elementor-inline-editing pen\" data-elementor-setting-key=\"title\" data-pen-placeholder=\"Pisz tutaj...\" style=\"text-align: center\">Aktualnie potrzebujemy wsparcia w zakupie:<\/h2><\/h2>\t\t\t\t<\/div>\n\t\t\t\t<\/div>\n\t\t\t\t<\/div>\n\t\t<div class=\"elementor-element elementor-element-82619d4 e-con-full e-flex e-con e-child\" data-id=\"82619d4\" data-element_type=\"container\">\n\t\t\t\t<div class=\"elementor-element elementor-element-e6d9dd2 elementor-widget elementor-widget-text-editor\" data-id=\"e6d9dd2\" data-element_type=\"widget\" data-widget_type=\"text-editor.default\">\n\t\t\t\t<div class=\"elementor-widget-container\">\n\t\t\t\t\t\t\t\t\t<ul class=\"wp-block-list\">\n<li style=\"list-style-type: none;\">\n<ul class=\"wp-block-list\"><\/ul>\n<\/li>\n<\/ul>\n<ul class=\"wp-block-list\">\n<li style=\"list-style-type: none;\">\n<ul class=\"wp-block-list\">\n<li>Stoliki i krzes\u0142a do sali edukacji wczesnoszkolnej<\/li>\n<li>Umowa o wypo\u017cyczenie komputer\u00f3w &#8211; szczeg\u00f3\u0142y wynajmu w kontakcie ze szko\u0142\u0105<\/li>\n<li>Zabezpieczenie \u015bcian wewn\u0105trz szko\u0142y p\u0142ytami ze sklejki i farb\u0105 zmywaln\u0105<\/li>\n<\/ul>\n<\/li>\n<\/ul>\n<p><\/p>\n<ul class=\"wp-block-list\">\n<li style=\"list-style-type: none;\">\n<ul class=\"wp-block-list\">\n<li>Zakup pi\u0142ki do pi\u0142ki no\u017cnej, pi\u0142ki do siatk\u00f3wki, gumowych pi\u0142ek<\/li>\n<\/ul>\n<\/li>\n<\/ul>\n<p><\/p>\n<ul class=\"wp-block-list\">\n<li style=\"list-style-type: none;\">\n<ul class=\"wp-block-list\">\n<li>Zas\u0142ony do k\u0105cika wycisze\u0144 wraz konstrukcj\u0105 do ich zawieszenia<\/li>\n<\/ul>\n<\/li>\n<\/ul>\n<p><\/p>\n<ul class=\"wp-block-list\">\n<li style=\"list-style-type: none;\">\n<ul class=\"wp-block-list\">\n<li>Zakup s\u0142uchawek wyg\u0142uszaj\u0105cych do k\u0105cika wycisze\u0144 <a href=\"https:\/\/audiotop.pl\/pl\/p\/Nauszniki-przeciwhalasowe%2C-ochronne-dla-dzieci-Alpine-Muffy-2.0-Kids-Zolte\/11893\">np. takie<\/a><\/li>\n<\/ul>\n<\/li>\n<\/ul>\n<p><\/p>\n<ul class=\"wp-block-list\">\n<li style=\"list-style-type: none;\">\n<ul class=\"wp-block-list\">\n<li>Tablica multimedialna &#8211; <a href=\"https:\/\/otwarteszkoly.eu\/wp-content\/uploads\/2024\/10\/tablica-interaktywna.pdf\">oferta handlowa<\/a><\/li>\n<\/ul>\n<\/li>\n<\/ul>\n<p><\/p>\n<ul class=\"wp-block-list\">\n<li style=\"list-style-type: none;\">\n<ul class=\"wp-block-list\">\n<li><a href=\"https:\/\/sklep.nowaera.pl\/product\/lego-spike-prime-lego-robot-edykacyjny-044104?srsltid=AfmBOoo5JDP2Gowdm0HB1k3A6bNphWahj_i3RUZrIJHLWqc2GSlIk7B-lS8\">LEGO Education<\/a> &#8211; na zaj\u0119cia matematyki i informatyki<\/li>\n<li>Zegary \u015bcienne\u00a0<\/li>\n<li>Pomoce edukacyjne montessori &#8211; szczeg\u00f3\u0142y zapotrzebowania do uzgodnienia<\/li>\n<li>Modele przestrzenne atom\u00f3w &#8211; na chmi\u0119 <a href=\"https:\/\/www.amazon.com\/Snatoms-Magnetic-Molecular-Modeling-Kit\/dp\/B08F8W7ZRZ\">na przyk\u0142ad taki<\/a><\/li>\n<\/ul>\n<\/li>\n<\/ul>\n<p><\/p>\n<p><\/p>\n<p>\u00a0<\/p>\t\t\t\t\t\t\t\t<\/div>\n\t\t\t\t<\/div>\n\t\t\t\t<\/div>\n\t\t\t\t<\/div>\n\t\t\t\t\t<\/div>\n\t\t\t\t<\/div>\n\t\t<div class=\"elementor-element elementor-element-e78f918 e-flex e-con-boxed e-con e-parent\" data-id=\"e78f918\" data-element_type=\"container\">\n\t\t\t\t\t<div class=\"e-con-inner\">\n\t\t\t\t<div class=\"elementor-element elementor-element-a72d6eb elementor-widget elementor-widget-spacer\" data-id=\"a72d6eb\" data-element_type=\"widget\" data-widget_type=\"spacer.default\">\n\t\t\t\t<div class=\"elementor-widget-container\">\n\t\t\t\t\t\t\t<div class=\"elementor-spacer\">\n\t\t\t<div class=\"elementor-spacer-inner\"><\/div>\n\t\t<\/div>\n\t\t\t\t\t\t<\/div>\n\t\t\t\t<\/div>\n\t\t\t\t\t<\/div>\n\t\t\t\t<\/div>\n\t\t\t\t<\/div>\n\t\t","protected":false},"excerpt":{"rendered":"<p>Aktualnie potrzebujemy wsparcia w zakupie: \u00a0<\/p>\n","protected":false},"author":1,"featured_media":0,"parent":0,"menu_order":0,"comment_status":"closed","ping_status":"closed","template":"","meta":{"footnotes":""},"class_list":["post-451","page","type-page","status-publish","hentry"],"_links":{"self":[{"href":"https:\/\/otwarteszkoly.eu\/index.php?rest_route=\/wp\/v2\/pages\/451","targetHints":{"allow":["GET"]}}],"collection":[{"href":"https:\/\/otwarteszkoly.eu\/index.php?rest_route=\/wp\/v2\/pages"}],"about":[{"href":"https:\/\/otwarteszkoly.eu\/index.php?rest_route=\/wp\/v2\/types\/page"}],"author":[{"embeddable":true,"href":"https:\/\/otwarteszkoly.eu\/index.php?rest_route=\/wp\/v2\/users\/1"}],"replies":[{"embeddable":true,"href":"https:\/\/otwarteszkoly.eu\/index.php?rest_route=%2Fwp%2Fv2%2Fcomments&post=451"}],"version-history":[{"count":27,"href":"https:\/\/otwarteszkoly.eu\/index.php?rest_route=\/wp\/v2\/pages\/451\/revisions"}],"predecessor-version":[{"id":765,"href":"https:\/\/otwarteszkoly.eu\/index.php?rest_route=\/wp\/v2\/pages\/451\/revisions\/765"}],"wp:attachment":[{"href":"https:\/\/otwarteszkoly.eu\/index.php?rest_route=%2Fwp%2Fv2%2Fmedia&parent=451"}],"curies":[{"name":"wp","href":"https:\/\/api.w.org\/{rel}","templated":true}]}}