{"id":332,"date":"2024-08-17T18:29:47","date_gmt":"2024-08-17T16:29:47","guid":{"rendered":"http:\/\/otwarteszkoly.eu\/?page_id=332"},"modified":"2025-03-31T14:50:40","modified_gmt":"2025-03-31T12:50:40","slug":"darczyncy","status":"publish","type":"page","link":"https:\/\/otwarteszkoly.eu\/?page_id=332","title":{"rendered":"Tablica Darczy\u0144c\u00f3w"},"content":{"rendered":"\t\t<div data-elementor-type=\"wp-page\" data-elementor-id=\"332\" class=\"elementor elementor-332\">\n\t\t\t\t<div class=\"elementor-element elementor-element-6ba038c e-flex e-con-boxed e-con e-parent\" data-id=\"6ba038c\" data-element_type=\"container\">\n\t\t\t\t\t<div class=\"e-con-inner\">\n\t\t\t\t<div class=\"elementor-element elementor-element-4aad319 elementor-widget elementor-widget-heading\" data-id=\"4aad319\" data-element_type=\"widget\" data-widget_type=\"heading.default\">\n\t\t\t\t<div class=\"elementor-widget-container\">\n\t\t\t\t\t<h2 class=\"elementor-heading-title elementor-size-default\">Tablica Darczy\u0144c\u00f3w<\/h2>\t\t\t\t<\/div>\n\t\t\t\t<\/div>\n\t\t\t\t<div class=\"elementor-element elementor-element-998986d elementor-widget elementor-widget-spacer\" data-id=\"998986d\" data-element_type=\"widget\" data-widget_type=\"spacer.default\">\n\t\t\t\t<div class=\"elementor-widget-container\">\n\t\t\t\t\t\t\t<div class=\"elementor-spacer\">\n\t\t\t<div class=\"elementor-spacer-inner\"><\/div>\n\t\t<\/div>\n\t\t\t\t\t\t<\/div>\n\t\t\t\t<\/div>\n\t\t\t\t<div class=\"elementor-element elementor-element-742c000 elementor-widget elementor-widget-text-editor\" data-id=\"742c000\" data-element_type=\"widget\" data-widget_type=\"text-editor.default\">\n\t\t\t\t<div class=\"elementor-widget-container\">\n\t\t\t\t\t\t\t\t\t<h3 class=\"elementor-heading-title elementor-size-large\">Kto nas wspiera?\u00a0<\/h3>\t\t\t\t\t\t\t\t<\/div>\n\t\t\t\t<\/div>\n\t\t\t\t<div class=\"elementor-element elementor-element-e971fcb elementor-widget elementor-widget-spacer\" data-id=\"e971fcb\" data-element_type=\"widget\" data-widget_type=\"spacer.default\">\n\t\t\t\t<div class=\"elementor-widget-container\">\n\t\t\t\t\t\t\t<div class=\"elementor-spacer\">\n\t\t\t<div class=\"elementor-spacer-inner\"><\/div>\n\t\t<\/div>\n\t\t\t\t\t\t<\/div>\n\t\t\t\t<\/div>\n\t\t\t\t<div class=\"elementor-element elementor-element-ab3474f elementor-widget elementor-widget-text-editor\" data-id=\"ab3474f\" data-element_type=\"widget\" data-widget_type=\"text-editor.default\">\n\t\t\t\t<div class=\"elementor-widget-container\">\n\t\t\t\t\t\t\t\t\t<p>Z ogromn\u0105 wdzi\u0119czno\u015bci\u0105 <strong>pragniemy podzi\u0119kowa\u0107 wszystkim naszym darczy\u0144com i sponsorom za hojno\u015b\u0107 i wsparcie<\/strong>, kt\u00f3re okazujecie naszej szkole.<\/p><p>Dzi\u0119ki Waszemu zaanga\u017cowaniu mo\u017cemy <strong>funkcjonowa\u0107 na najwy\u017cszym poziomie<\/strong>, zapewniaj\u0105c naszym uczniom <strong>odpowiednie warunki nauki<\/strong>, dba\u0107 o infrastruktur\u0119 szko\u0142y oraz <strong>rozwija\u0107 nasze programy edukacyjne<\/strong>. Wasze darowizny s\u0105 nie tylko finansowym wsparciem, ale tak\u017ce <strong>\u017ar\u00f3d\u0142em ogromnej motywacji<\/strong>.<\/p><p>Pieni\u0105dze z wp\u0142at czesnego nie pokrywaj\u0105 w ca\u0142o\u015bci koszt\u00f3w utrzymania plac\u00f3wki, dlatego <strong>Wasze wsparcie jest dla nas nieocenione<\/strong>.<\/p>\t\t\t\t\t\t\t\t<\/div>\n\t\t\t\t<\/div>\n\t\t\t\t<div class=\"elementor-element elementor-element-791202d elementor-widget elementor-widget-spacer\" data-id=\"791202d\" data-element_type=\"widget\" data-widget_type=\"spacer.default\">\n\t\t\t\t<div class=\"elementor-widget-container\">\n\t\t\t\t\t\t\t<div class=\"elementor-spacer\">\n\t\t\t<div class=\"elementor-spacer-inner\"><\/div>\n\t\t<\/div>\n\t\t\t\t\t\t<\/div>\n\t\t\t\t<\/div>\n\t\t\t\t\t<\/div>\n\t\t\t\t<\/div>\n\t\t<div class=\"elementor-element elementor-element-ac3cb25 e-grid e-con-boxed e-con e-parent\" data-id=\"ac3cb25\" data-element_type=\"container\">\n\t\t\t\t\t<div class=\"e-con-inner\">\n\t\t\t\t<div class=\"elementor-element elementor-element-f28b07f elementor-position-top elementor-widget elementor-widget-image-box\" data-id=\"f28b07f\" data-element_type=\"widget\" data-widget_type=\"image-box.default\">\n\t\t\t\t<div class=\"elementor-widget-container\">\n\t\t\t\t\t<div class=\"elementor-image-box-wrapper\"><figure class=\"elementor-image-box-img\"><a href=\"https:\/\/trawialnia.eu\/\" tabindex=\"-1\"><img fetchpriority=\"high\" decoding=\"async\" width=\"553\" height=\"503\" src=\"https:\/\/otwarteszkoly.eu\/wp-content\/uploads\/2025\/03\/darczyncy-trawialnia_2-white.jpg\" class=\"attachment-full size-full wp-image-682\" alt=\"\" srcset=\"https:\/\/otwarteszkoly.eu\/wp-content\/uploads\/2025\/03\/darczyncy-trawialnia_2-white.jpg 553w, https:\/\/otwarteszkoly.eu\/wp-content\/uploads\/2025\/03\/darczyncy-trawialnia_2-white-300x273.jpg 300w\" sizes=\"(max-width: 553px) 100vw, 553px\" \/><\/a><\/figure><div class=\"elementor-image-box-content\"><h3 class=\"elementor-image-box-title\"><a href=\"https:\/\/trawialnia.eu\/\">Joanna i Krystian Idzikowscy <br>trawialnia.eu<\/a><\/h3><p class=\"elementor-image-box-description\">Stworzyli\u015bmy w Tarnowskich G\u00f3rach przestrze\u0144, w kt\u00f3rej dzieci maj\u0105 dla siebie miejsce, by wsp\u00f3lnie uczy\u0107 si\u0119 przy wsparciu nauczycieli - mentor\u00f3w, rozwija\u0107 kreatywno\u015b\u0107 podczas wsp\u00f3lnych projekt\u00f3w i sp\u0119dza\u0107 ze sob\u0105 czas. Jako prezes Fundacji Serca Kreacja i w\u0142a\u015bciciel firmy Trawialnia regularnie wspieram finansowo plac\u00f3wk\u0119 i z sercem udzielam si\u0119 w ka\u017cdej inicjatywie, kt\u00f3ra poprawia jako\u015b\u0107 edukacji.<\/p><\/div><\/div>\t\t\t\t<\/div>\n\t\t\t\t<\/div>\n\t\t\t\t<div class=\"elementor-element elementor-element-12d4f79 elementor-position-top elementor-widget elementor-widget-image-box\" data-id=\"12d4f79\" data-element_type=\"widget\" data-widget_type=\"image-box.default\">\n\t\t\t\t<div class=\"elementor-widget-container\">\n\t\t\t\t\t<div class=\"elementor-image-box-wrapper\"><figure class=\"elementor-image-box-img\"><img decoding=\"async\" width=\"553\" height=\"503\" src=\"https:\/\/otwarteszkoly.eu\/wp-content\/uploads\/2024\/08\/darczyncy_seweryn_1.jpg\" class=\"attachment-full size-full wp-image-344\" alt=\"\" srcset=\"https:\/\/otwarteszkoly.eu\/wp-content\/uploads\/2024\/08\/darczyncy_seweryn_1.jpg 553w, https:\/\/otwarteszkoly.eu\/wp-content\/uploads\/2024\/08\/darczyncy_seweryn_1-300x273.jpg 300w\" sizes=\"(max-width: 553px) 100vw, 553px\" \/><\/figure><div class=\"elementor-image-box-content\"><h3 class=\"elementor-image-box-title\">Patrycja i Mariusz Seweryn <br> sewerynpracownia.pl<\/h3><p class=\"elementor-image-box-description\">Zaprojektowali\u015bmy budynek Otwartej Szko\u0142y, nadzorowali\u015bmy budow\u0119 oraz wspierali\u015bmy wiedz\u0105 i do\u015bwiadczeniem ka\u017cd\u0105 decyzj\u0119 podczas budowy i wyko\u0144czenia wn\u0119trz. Wierzymy, \u017ce to inwestycja w lepsze wykszta\u0142cenie naszych dzieci i ich przysz\u0142o\u015b\u0107. <\/p><\/div><\/div>\t\t\t\t<\/div>\n\t\t\t\t<\/div>\n\t\t\t\t<div class=\"elementor-element elementor-element-8d25c5d elementor-position-top elementor-widget elementor-widget-image-box\" data-id=\"8d25c5d\" data-element_type=\"widget\" data-widget_type=\"image-box.default\">\n\t\t\t\t<div class=\"elementor-widget-container\">\n\t\t\t\t\t<div class=\"elementor-image-box-wrapper\"><figure class=\"elementor-image-box-img\"><img decoding=\"async\" width=\"1280\" height=\"720\" src=\"https:\/\/otwarteszkoly.eu\/wp-content\/uploads\/2025\/01\/1-5-procent-podatku.jpg\" class=\"attachment-full size-full wp-image-609\" alt=\"\" srcset=\"https:\/\/otwarteszkoly.eu\/wp-content\/uploads\/2025\/01\/1-5-procent-podatku.jpg 1280w, https:\/\/otwarteszkoly.eu\/wp-content\/uploads\/2025\/01\/1-5-procent-podatku-300x169.jpg 300w, https:\/\/otwarteszkoly.eu\/wp-content\/uploads\/2025\/01\/1-5-procent-podatku-1024x576.jpg 1024w, https:\/\/otwarteszkoly.eu\/wp-content\/uploads\/2025\/01\/1-5-procent-podatku-768x432.jpg 768w\" sizes=\"(max-width: 1280px) 100vw, 1280px\" \/><\/figure><div class=\"elementor-image-box-content\"><h3 class=\"elementor-image-box-title\">Przeka\u017c nam swoje 1,5% podatku<\/h3><p class=\"elementor-image-box-description\">Mo\u017cecie przekaza\u0107 1,5% podatku na nasz\u0105 fundacj\u0119. W rozliczeniu rocznym PIT nale\u017cy poda\u0107 nr KRS Fundacji Bullerbyn: <b> 0000292425 <\/b> oraz wpisa\u0107 cel szczeg\u00f3\u0142owy: <b>\"Otwarta Szko\u0142a w Tarnowskich G\u00f3rach\"<\/b>\n\nPodanie tych obu informacji jest konieczne, aby Fundacja Bullerbyn mog\u0142a zidentyfikowa\u0107\u00a0wp\u0142aty i przekaza\u0107 je nam.p<\/p><\/div><\/div>\t\t\t\t<\/div>\n\t\t\t\t<\/div>\n\t\t\t\t<div class=\"elementor-element elementor-element-e4eddf4 elementor-position-top elementor-widget elementor-widget-image-box\" data-id=\"e4eddf4\" data-element_type=\"widget\" data-widget_type=\"image-box.default\">\n\t\t\t\t<div class=\"elementor-widget-container\">\n\t\t\t\t\t<div class=\"elementor-image-box-wrapper\"><figure class=\"elementor-image-box-img\"><img loading=\"lazy\" decoding=\"async\" width=\"553\" height=\"503\" src=\"https:\/\/otwarteszkoly.eu\/wp-content\/uploads\/2025\/03\/rafmar-darczyncy.jpg\" class=\"attachment-full size-full wp-image-615\" alt=\"\" srcset=\"https:\/\/otwarteszkoly.eu\/wp-content\/uploads\/2025\/03\/rafmar-darczyncy.jpg 553w, https:\/\/otwarteszkoly.eu\/wp-content\/uploads\/2025\/03\/rafmar-darczyncy-300x273.jpg 300w\" sizes=\"(max-width: 553px) 100vw, 553px\" \/><\/figure><div class=\"elementor-image-box-content\"><h3 class=\"elementor-image-box-title\">Aleksandra i Marcin Twardok\u0119s <br>rafmar.slask.pl<\/h3><p class=\"elementor-image-box-description\">Wykonali\u015bmy prace w szkole polegaj\u0105ce na pokryciu \u015bcian sklejk\u0105. <br>Prace te przyczyni\u0142y si\u0119 do poprawy estetyki i funkcjonalno\u015bci przestrzeni szkolnej. <\/p><\/div><\/div>\t\t\t\t<\/div>\n\t\t\t\t<\/div>\n\t\t\t\t<div class=\"elementor-element elementor-element-7f6e6ad elementor-position-top elementor-widget elementor-widget-image-box\" data-id=\"7f6e6ad\" data-element_type=\"widget\" data-widget_type=\"image-box.default\">\n\t\t\t\t<div class=\"elementor-widget-container\">\n\t\t\t\t\t<div class=\"elementor-image-box-wrapper\"><figure class=\"elementor-image-box-img\"><img loading=\"lazy\" decoding=\"async\" width=\"512\" height=\"512\" src=\"https:\/\/otwarteszkoly.eu\/wp-content\/uploads\/2024\/08\/cropped-logo-strony-naglowek.jpg\" class=\"attachment-full size-full wp-image-349\" alt=\"\" srcset=\"https:\/\/otwarteszkoly.eu\/wp-content\/uploads\/2024\/08\/cropped-logo-strony-naglowek.jpg 512w, https:\/\/otwarteszkoly.eu\/wp-content\/uploads\/2024\/08\/cropped-logo-strony-naglowek-300x300.jpg 300w, https:\/\/otwarteszkoly.eu\/wp-content\/uploads\/2024\/08\/cropped-logo-strony-naglowek-150x150.jpg 150w, https:\/\/otwarteszkoly.eu\/wp-content\/uploads\/2024\/08\/cropped-logo-strony-naglowek-270x270.jpg 270w, https:\/\/otwarteszkoly.eu\/wp-content\/uploads\/2024\/08\/cropped-logo-strony-naglowek-192x192.jpg 192w, https:\/\/otwarteszkoly.eu\/wp-content\/uploads\/2024\/08\/cropped-logo-strony-naglowek-180x180.jpg 180w, https:\/\/otwarteszkoly.eu\/wp-content\/uploads\/2024\/08\/cropped-logo-strony-naglowek-32x32.jpg 32w\" sizes=\"(max-width: 512px) 100vw, 512px\" \/><\/figure><div class=\"elementor-image-box-content\"><h3 class=\"elementor-image-box-title\">Imi\u0119 i Nazwisko <br> nazwafirmy.pl<\/h3><p class=\"elementor-image-box-description\">Zosta\u0144 jednym z darczy\u0144c\u00f3w a Twoje nazwisko\/firma  trafi\u0105 na nasz\u0105 tablic\u0119 znajduj\u0105c\u0105 si\u0119 na \u015bcianie wej\u015bciowej budynku. <\/p><\/div><\/div>\t\t\t\t<\/div>\n\t\t\t\t<\/div>\n\t\t\t\t\t<\/div>\n\t\t\t\t<\/div>\n\t\t<div class=\"elementor-element elementor-element-e78971f e-flex e-con-boxed e-con e-parent\" data-id=\"e78971f\" data-element_type=\"container\">\n\t\t\t\t\t<div class=\"e-con-inner\">\n\t\t\t\t<div class=\"elementor-element elementor-element-50e596c elementor-widget elementor-widget-spacer\" data-id=\"50e596c\" data-element_type=\"widget\" data-widget_type=\"spacer.default\">\n\t\t\t\t<div class=\"elementor-widget-container\">\n\t\t\t\t\t\t\t<div class=\"elementor-spacer\">\n\t\t\t<div class=\"elementor-spacer-inner\"><\/div>\n\t\t<\/div>\n\t\t\t\t\t\t<\/div>\n\t\t\t\t<\/div>\n\t\t\t\t\t<\/div>\n\t\t\t\t<\/div>\n\t\t<div class=\"elementor-element elementor-element-d9f9866 e-flex e-con-boxed e-con e-parent\" data-id=\"d9f9866\" data-element_type=\"container\">\n\t\t\t\t\t<div class=\"e-con-inner\">\n\t\t\t\t<div class=\"elementor-element elementor-element-f82b65d elementor-widget__width-initial elementor-widget elementor-widget-heading\" data-id=\"f82b65d\" data-element_type=\"widget\" data-widget_type=\"heading.default\">\n\t\t\t\t<div class=\"elementor-widget-container\">\n\t\t\t\t\t<h2 class=\"elementor-heading-title elementor-size-default\">Jak mo\u017cesz nas wesprze\u0107?<\/h2>\t\t\t\t<\/div>\n\t\t\t\t<\/div>\n\t\t\t\t\t<\/div>\n\t\t\t\t<\/div>\n\t\t<div class=\"elementor-element elementor-element-c252111 e-flex e-con-boxed e-con e-parent\" data-id=\"c252111\" data-element_type=\"container\">\n\t\t\t\t\t<div class=\"e-con-inner\">\n\t\t<div class=\"elementor-element elementor-element-90b15dc e-con-full e-flex e-con e-child\" data-id=\"90b15dc\" data-element_type=\"container\">\n\t\t\t\t<div class=\"elementor-element elementor-element-2965a43 elementor-widget elementor-widget-spacer\" data-id=\"2965a43\" data-element_type=\"widget\" data-widget_type=\"spacer.default\">\n\t\t\t\t<div class=\"elementor-widget-container\">\n\t\t\t\t\t\t\t<div class=\"elementor-spacer\">\n\t\t\t<div class=\"elementor-spacer-inner\"><\/div>\n\t\t<\/div>\n\t\t\t\t\t\t<\/div>\n\t\t\t\t<\/div>\n\t\t\t\t<div class=\"elementor-element elementor-element-1351188 elementor-widget elementor-widget-heading\" data-id=\"1351188\" data-element_type=\"widget\" data-widget_type=\"heading.default\">\n\t\t\t\t<div class=\"elementor-widget-container\">\n\t\t\t\t\t<h2 class=\"elementor-heading-title elementor-size-default\">Czego potrzebujemy?<\/h2>\t\t\t\t<\/div>\n\t\t\t\t<\/div>\n\t\t\t\t<div class=\"elementor-element elementor-element-77a92dc elementor-widget elementor-widget-text-editor\" data-id=\"77a92dc\" data-element_type=\"widget\" data-widget_type=\"text-editor.default\">\n\t\t\t\t<div class=\"elementor-widget-container\">\n\t\t\t\t\t\t\t\t\t<p>Dzi\u0119kujemy za zainteresowanie nasz\u0105 plac\u00f3wk\u0105 i ch\u0119\u0107 wsparcia. Ka\u017cdy mo\u017ce zosta\u0107 sponsorem, przekazuj\u0105c nawet najmniejsz\u0105 kwot\u0119 lub kupuj\u0105c kt\u00f3r\u0105\u015b z potrzebnych nam rzeczy. Oto lista dzia\u0142a\u0144, w kt\u00f3rych mo\u017cesz pom\u00f3c:<\/p>\t\t\t\t\t\t\t\t<\/div>\n\t\t\t\t<\/div>\n\t\t\t\t<\/div>\n\t\t<div class=\"elementor-element elementor-element-45c38a2 e-con-full e-flex e-con e-child\" data-id=\"45c38a2\" data-element_type=\"container\">\n\t\t\t\t<div class=\"elementor-element elementor-element-f8989c8 elementor-widget elementor-widget-spacer\" data-id=\"f8989c8\" data-element_type=\"widget\" data-widget_type=\"spacer.default\">\n\t\t\t\t<div class=\"elementor-widget-container\">\n\t\t\t\t\t\t\t<div class=\"elementor-spacer\">\n\t\t\t<div class=\"elementor-spacer-inner\"><\/div>\n\t\t<\/div>\n\t\t\t\t\t\t<\/div>\n\t\t\t\t<\/div>\n\t\t\t\t<div class=\"elementor-element elementor-element-ffb86ef elementor-widget elementor-widget-text-editor\" data-id=\"ffb86ef\" data-element_type=\"widget\" data-widget_type=\"text-editor.default\">\n\t\t\t\t<div class=\"elementor-widget-container\">\n\t\t\t\t\t\t\t\t\t<p><strong>Darowizna finansowa:<\/strong> Ka\u017cda suma jest cenna! Nawet niewielka kwota mo\u017ce pom\u00f3c w realizacji naszych cel\u00f3w. Przekazuj\u0105c darowizn\u0119 na konto fundacji, wspierasz nasz\u0105 szko\u0142\u0119. Nr konta mBank: 74 1140 1078 0000 4946 9900 1001 w tytule przelewu koniecznie wpisujemy &#8222;Darowizna&#8221;.<\/p><p><strong>Zakup potrzebnych przedmiot\u00f3w:\u00a0<\/strong><a href=\"https:\/\/otwarteszkoly.eu\/?page_id=451\" rel=\"noopener\">Tutaj znajduje si\u0119 lista rzeczy<\/a>, kt\u00f3re s\u0105 nam potrzebne do codziennego funkcjonowania. Ch\u0119tnie przyjmujemy materia\u0142y plastyczne (brystol, papier, farby, kredki, pisaki, plastelina, glina itp.)\u00a0\u00a0<\/p><p><strong>Wolontariat:<\/strong> Je\u015bli masz czas i chcia\u0142by\u015b pom\u00f3c osobi\u015bcie, zapraszamy do udzia\u0142u w naszych dzia\u0142aniach. Wolontariusze s\u0105 nieocenionym wsparciem w organizacji wydarze\u0144, zaj\u0119\u0107 dodatkowych czy prac remontowych. Je\u015bli chcia\u0142by\u015b poprowadzi\u0107 warsztaty dla dzieci jednorazowo lub cyklicznie &#8211; skontaktuj si\u0119 z nami.<\/p><p><strong>Promocja:<\/strong> Pom\u00f3\u017c nam dotrze\u0107 do wi\u0119kszej liczby os\u00f3b. Udost\u0119pnij informacje o naszej szkole na swoich profilach spo\u0142eczno\u015bciowych lub poinformuj znajomych o naszych potrzebach.<\/p>\t\t\t\t\t\t\t\t<\/div>\n\t\t\t\t<\/div>\n\t\t\t\t<\/div>\n\t\t\t\t\t<\/div>\n\t\t\t\t<\/div>\n\t\t<div class=\"elementor-element elementor-element-da2aeea e-flex e-con-boxed e-con e-parent\" data-id=\"da2aeea\" data-element_type=\"container\">\n\t\t\t\t\t<div class=\"e-con-inner\">\n\t\t\t\t<div class=\"elementor-element elementor-element-c442c8b elementor-widget elementor-widget-spacer\" data-id=\"c442c8b\" data-element_type=\"widget\" data-widget_type=\"spacer.default\">\n\t\t\t\t<div class=\"elementor-widget-container\">\n\t\t\t\t\t\t\t<div class=\"elementor-spacer\">\n\t\t\t<div class=\"elementor-spacer-inner\"><\/div>\n\t\t<\/div>\n\t\t\t\t\t\t<\/div>\n\t\t\t\t<\/div>\n\t\t\t\t<div class=\"elementor-element elementor-element-3303e8f elementor-widget elementor-widget-image\" data-id=\"3303e8f\" data-element_type=\"widget\" data-widget_type=\"image.default\">\n\t\t\t\t<div class=\"elementor-widget-container\">\n\t\t\t\t\t\t\t\t\t\t\t\t\t\t\t<img loading=\"lazy\" decoding=\"async\" width=\"800\" height=\"534\" src=\"https:\/\/otwarteszkoly.eu\/wp-content\/uploads\/2024\/08\/smiling-pupils-with-thumbs-up-1024x683.jpg\" class=\"attachment-large size-large wp-image-386\" alt=\"\" srcset=\"https:\/\/otwarteszkoly.eu\/wp-content\/uploads\/2024\/08\/smiling-pupils-with-thumbs-up-1024x683.jpg 1024w, https:\/\/otwarteszkoly.eu\/wp-content\/uploads\/2024\/08\/smiling-pupils-with-thumbs-up-300x200.jpg 300w, https:\/\/otwarteszkoly.eu\/wp-content\/uploads\/2024\/08\/smiling-pupils-with-thumbs-up-768x512.jpg 768w, https:\/\/otwarteszkoly.eu\/wp-content\/uploads\/2024\/08\/smiling-pupils-with-thumbs-up-1536x1024.jpg 1536w, https:\/\/otwarteszkoly.eu\/wp-content\/uploads\/2024\/08\/smiling-pupils-with-thumbs-up-2048x1365.jpg 2048w\" sizes=\"(max-width: 800px) 100vw, 800px\" \/>\t\t\t\t\t\t\t\t\t\t\t\t\t\t\t<\/div>\n\t\t\t\t<\/div>\n\t\t\t\t<div class=\"elementor-element elementor-element-539b464 elementor-widget elementor-widget-spacer\" data-id=\"539b464\" data-element_type=\"widget\" data-widget_type=\"spacer.default\">\n\t\t\t\t<div class=\"elementor-widget-container\">\n\t\t\t\t\t\t\t<div class=\"elementor-spacer\">\n\t\t\t<div class=\"elementor-spacer-inner\"><\/div>\n\t\t<\/div>\n\t\t\t\t\t\t<\/div>\n\t\t\t\t<\/div>\n\t\t\t\t<div class=\"elementor-element elementor-element-1b35d77 elementor-widget elementor-widget-spacer\" data-id=\"1b35d77\" data-element_type=\"widget\" data-widget_type=\"spacer.default\">\n\t\t\t\t<div class=\"elementor-widget-container\">\n\t\t\t\t\t\t\t<div class=\"elementor-spacer\">\n\t\t\t<div class=\"elementor-spacer-inner\"><\/div>\n\t\t<\/div>\n\t\t\t\t\t\t<\/div>\n\t\t\t\t<\/div>\n\t\t\t\t\t<\/div>\n\t\t\t\t<\/div>\n\t\t<div class=\"elementor-element elementor-element-243abad e-flex e-con-boxed e-con e-parent\" data-id=\"243abad\" data-element_type=\"container\">\n\t\t\t\t\t<div class=\"e-con-inner\">\n\t\t\t\t<div class=\"elementor-element elementor-element-145b279 elementor-widget__width-initial elementor-widget elementor-widget-heading\" data-id=\"145b279\" data-element_type=\"widget\" data-widget_type=\"heading.default\">\n\t\t\t\t<div class=\"elementor-widget-container\">\n\t\t\t\t\t<h2 class=\"elementor-heading-title elementor-size-default\">Dzi\u0119kujemy za ka\u017cd\u0105 form\u0119 wsparcia! <br><br> Razem mo\u017cemy zrobi\u0107 wiele dobrego dla naszej spo\u0142eczno\u015bci.<\/h2>\t\t\t\t<\/div>\n\t\t\t\t<\/div>\n\t\t\t\t\t<\/div>\n\t\t\t\t<\/div>\n\t\t<div class=\"elementor-element elementor-element-8829f99 e-flex e-con-boxed e-con e-parent\" data-id=\"8829f99\" data-element_type=\"container\">\n\t\t\t\t\t<div class=\"e-con-inner\">\n\t\t\t\t<div class=\"elementor-element elementor-element-197671a elementor-widget elementor-widget-spacer\" data-id=\"197671a\" data-element_type=\"widget\" data-widget_type=\"spacer.default\">\n\t\t\t\t<div class=\"elementor-widget-container\">\n\t\t\t\t\t\t\t<div class=\"elementor-spacer\">\n\t\t\t<div class=\"elementor-spacer-inner\"><\/div>\n\t\t<\/div>\n\t\t\t\t\t\t<\/div>\n\t\t\t\t<\/div>\n\t\t\t\t\t<\/div>\n\t\t\t\t<\/div>\n\t\t<div class=\"elementor-element elementor-element-dfe090f e-flex e-con-boxed e-con e-parent\" data-id=\"dfe090f\" data-element_type=\"container\">\n\t\t\t\t\t<div class=\"e-con-inner\">\n\t\t\t\t<div class=\"elementor-element elementor-element-15441c5 elementor-widget-divider--view-line elementor-widget elementor-widget-divider\" data-id=\"15441c5\" data-element_type=\"widget\" data-widget_type=\"divider.default\">\n\t\t\t\t<div class=\"elementor-widget-container\">\n\t\t\t\t\t\t\t<div class=\"elementor-divider\">\n\t\t\t<span class=\"elementor-divider-separator\">\n\t\t\t\t\t\t<\/span>\n\t\t<\/div>\n\t\t\t\t\t\t<\/div>\n\t\t\t\t<\/div>\n\t\t\t\t\t<\/div>\n\t\t\t\t<\/div>\n\t\t<div class=\"elementor-element elementor-element-1ea38bf e-flex e-con-boxed e-con e-parent\" data-id=\"1ea38bf\" data-element_type=\"container\">\n\t\t\t\t\t<div class=\"e-con-inner\">\n\t\t<div class=\"elementor-element elementor-element-5ae71ae e-con-full e-flex e-con e-child\" data-id=\"5ae71ae\" data-element_type=\"container\">\n\t\t\t\t<div class=\"elementor-element elementor-element-2052321 elementor-widget elementor-widget-spacer\" data-id=\"2052321\" data-element_type=\"widget\" data-widget_type=\"spacer.default\">\n\t\t\t\t<div class=\"elementor-widget-container\">\n\t\t\t\t\t\t\t<div class=\"elementor-spacer\">\n\t\t\t<div class=\"elementor-spacer-inner\"><\/div>\n\t\t<\/div>\n\t\t\t\t\t\t<\/div>\n\t\t\t\t<\/div>\n\t\t\t\t<div class=\"elementor-element elementor-element-2f0806d elementor-widget elementor-widget-heading\" data-id=\"2f0806d\" data-element_type=\"widget\" data-widget_type=\"heading.default\">\n\t\t\t\t<div class=\"elementor-widget-container\">\n\t\t\t\t\t<h2 class=\"elementor-heading-title elementor-size-default\">Jak odliczy\u0107 kwot\u0119 darowizny od podatku?<\/h2>\t\t\t\t<\/div>\n\t\t\t\t<\/div>\n\t\t\t\t<div class=\"elementor-element elementor-element-4526306 elementor-widget elementor-widget-text-editor\" data-id=\"4526306\" data-element_type=\"widget\" data-widget_type=\"text-editor.default\">\n\t\t\t\t<div class=\"elementor-widget-container\">\n\t\t\t\t\t\t\t\t\t<p>Instrukcja odliczenia z tytu\u0142u darowizn<\/p>\t\t\t\t\t\t\t\t<\/div>\n\t\t\t\t<\/div>\n\t\t\t\t<\/div>\n\t\t<div class=\"elementor-element elementor-element-35080ab e-con-full e-flex e-con e-child\" data-id=\"35080ab\" data-element_type=\"container\">\n\t\t\t\t<div class=\"elementor-element elementor-element-f1a27e6 elementor-widget elementor-widget-spacer\" data-id=\"f1a27e6\" data-element_type=\"widget\" data-widget_type=\"spacer.default\">\n\t\t\t\t<div class=\"elementor-widget-container\">\n\t\t\t\t\t\t\t<div class=\"elementor-spacer\">\n\t\t\t<div class=\"elementor-spacer-inner\"><\/div>\n\t\t<\/div>\n\t\t\t\t\t\t<\/div>\n\t\t\t\t<\/div>\n\t\t\t\t<div class=\"elementor-element elementor-element-d928ad5 elementor-widget elementor-widget-text-editor\" data-id=\"d928ad5\" data-element_type=\"widget\" data-widget_type=\"text-editor.default\">\n\t\t\t\t<div class=\"elementor-widget-container\">\n\t\t\t\t\t\t\t\t\t<p><strong>1. W podatku PIT<\/strong><\/p><p>&#8211; darowizna na cele po\u017cytku publicznego \u2013 TAK<\/p><p>&#8211; https:\/\/www.e-pity.pl\/ulgi-odliczenia\/darowizna-na-cele-pozytku-publicznego\/<\/p><p>&#8211; odliczenie w PIT na zasadach og\u00f3lnych (skala podatkowa), nie ma odliczenia w PIT liniowym i na rycza\u0142cie,<\/p><p>&#8211; odliczeniu podlega r\u00f3wnie\u017c darowizna na rzecz organizacji (fundacji, stowarzysze\u0144) nie posiadaj\u0105cych statusu OPP, prowadz\u0105cych dzia\u0142alno\u015b\u0107 statutow\u0105 o kt\u00f3rej mowa w ustawie o dzia\u0142alno\u015bci po\u017cytku publicznego i o wolontariacie,<\/p><p>&#8211; odliczeniu podlegaj\u0105 darowizny m.in. na cele nauki, szkolnictwa wy\u017cszego, edukacji, o\u015bwiaty i wychowania,<\/p><p>&#8211; wp\u0142ata na rachunek bankowy lub przelew bankowy z opisem darowizna na cele edukacji \/ o\u015bwiaty i wychowania,<\/p><p>&#8211; limit odliczenia 6% dochodu.<\/p><p><strong>2. W podatku CIT<\/strong><\/p><p>&#8211; darowizny na cele po\u017cytku publicznego \u2013 TAK<\/p><p>&#8211; https:\/\/poradnikprzedsiebiorcy.pl\/-odliczenia-przekazanych-darowizn-w-cit<\/p><p>&#8211; zasady takie same jak w podatku PIT<\/p><p>&#8211; limit odliczenia 10% dochodu tylko w rozliczeniu CIT na zasadach og\u00f3lnych<\/p><p>&#8211; w CIT esto\u0144skim nie ma odliczenia, ale mo\u017cna by zastosowa\u0107 wy\u0142\u0105czenie z opodatkowania na zasadzie dzia\u0142a\u0144 wizerunkowych w ramach strategii CSR (spo\u0142eczna odpowiedzialno\u015b\u0107 biznesu)<\/p><p>&#8211; https:\/\/www.podatki.biz\/artykuly\/spolki-na-estonskim-cit-nie-zaplaca-podatku-od-przekazanych-darowizn_49_55009.htm<\/p>\t\t\t\t\t\t\t\t<\/div>\n\t\t\t\t<\/div>\n\t\t\t\t<\/div>\n\t\t\t\t\t<\/div>\n\t\t\t\t<\/div>\n\t\t\t\t<\/div>\n\t\t","protected":false},"excerpt":{"rendered":"<p>Tablica Darczy\u0144c\u00f3w Kto nas wspiera?\u00a0 Z ogromn\u0105 wdzi\u0119czno\u015bci\u0105 pragniemy podzi\u0119kowa\u0107 wszystkim naszym darczy\u0144com i sponsorom za hojno\u015b\u0107 i wsparcie, kt\u00f3re okazujecie naszej szkole. Dzi\u0119ki Waszemu zaanga\u017cowaniu mo\u017cemy funkcjonowa\u0107 na najwy\u017cszym &#8230;<\/p>\n","protected":false},"author":1,"featured_media":0,"parent":0,"menu_order":0,"comment_status":"closed","ping_status":"closed","template":"","meta":{"footnotes":""},"class_list":["post-332","page","type-page","status-publish","hentry"],"_links":{"self":[{"href":"https:\/\/otwarteszkoly.eu\/index.php?rest_route=\/wp\/v2\/pages\/332","targetHints":{"allow":["GET"]}}],"collection":[{"href":"https:\/\/otwarteszkoly.eu\/index.php?rest_route=\/wp\/v2\/pages"}],"about":[{"href":"https:\/\/otwarteszkoly.eu\/index.php?rest_route=\/wp\/v2\/types\/page"}],"author":[{"embeddable":true,"href":"https:\/\/otwarteszkoly.eu\/index.php?rest_route=\/wp\/v2\/users\/1"}],"replies":[{"embeddable":true,"href":"https:\/\/otwarteszkoly.eu\/index.php?rest_route=%2Fwp%2Fv2%2Fcomments&post=332"}],"version-history":[{"count":70,"href":"https:\/\/otwarteszkoly.eu\/index.php?rest_route=\/wp\/v2\/pages\/332\/revisions"}],"predecessor-version":[{"id":685,"href":"https:\/\/otwarteszkoly.eu\/index.php?rest_route=\/wp\/v2\/pages\/332\/revisions\/685"}],"wp:attachment":[{"href":"https:\/\/otwarteszkoly.eu\/index.php?rest_route=%2Fwp%2Fv2%2Fmedia&parent=332"}],"curies":[{"name":"wp","href":"https:\/\/api.w.org\/{rel}","templated":true}]}}