{"id":257,"date":"2024-07-28T19:03:42","date_gmt":"2024-07-28T17:03:42","guid":{"rendered":"http:\/\/otwarteszkoly.eu\/?page_id=257"},"modified":"2025-09-25T11:25:01","modified_gmt":"2025-09-25T09:25:01","slug":"liceum","status":"publish","type":"page","link":"https:\/\/otwarteszkoly.eu\/?page_id=257","title":{"rendered":"Liceum Og\u00f3lnokszta\u0142c\u0105ce"},"content":{"rendered":"\t\t<div data-elementor-type=\"wp-page\" data-elementor-id=\"257\" class=\"elementor elementor-257\">\n\t\t\t\t<div class=\"elementor-element elementor-element-a683d75 e-con-full e-flex e-con e-parent\" data-id=\"a683d75\" data-element_type=\"container\">\n\t\t<div class=\"elementor-element elementor-element-4a5176d e-con-full e-flex e-con e-child\" data-id=\"4a5176d\" data-element_type=\"container\" data-settings=\"{&quot;background_background&quot;:&quot;classic&quot;}\">\n\t\t\t\t<\/div>\n\t\t<div class=\"elementor-element elementor-element-0e0177c e-con-full e-flex e-con e-child\" data-id=\"0e0177c\" data-element_type=\"container\">\n\t\t\t\t<div class=\"elementor-element elementor-element-6b1a765 elementor-widget elementor-widget-heading\" data-id=\"6b1a765\" data-element_type=\"widget\" data-widget_type=\"heading.default\">\n\t\t\t\t<div class=\"elementor-widget-container\">\n\t\t\t\t\t<h6 class=\"elementor-heading-title elementor-size-default\">NiepublicznE OtwartE LICEUM<\/h6>\t\t\t\t<\/div>\n\t\t\t\t<\/div>\n\t\t\t\t<div class=\"elementor-element elementor-element-a7a68b8 elementor-widget elementor-widget-heading\" data-id=\"a7a68b8\" data-element_type=\"widget\" data-widget_type=\"heading.default\">\n\t\t\t\t<div class=\"elementor-widget-container\">\n\t\t\t\t\t<h1 class=\"elementor-heading-title elementor-size-default\">Liceum Og\u00f3lnokszta\u0142c\u0105ce<\/h1>\t\t\t\t<\/div>\n\t\t\t\t<\/div>\n\t\t\t\t<div class=\"elementor-element elementor-element-de304c2 elementor-invisible elementor-widget elementor-widget-text-editor\" data-id=\"de304c2\" data-element_type=\"widget\" data-settings=\"{&quot;_animation&quot;:&quot;fadeIn&quot;,&quot;_animation_delay&quot;:400}\" data-widget_type=\"text-editor.default\">\n\t\t\t\t<div class=\"elementor-widget-container\">\n\t\t\t\t\t\t\t\t\t<p>W roku szkolnym 2024\/25 otwieramy autorsk\u0105 klas\u0119 licealn\u0105 z wiod\u0105cymi przedmiotami:<\/p><p>biologia, matematyka, j\u0119zyk polski oraz j\u0119zyk angielski.<\/p><p><br \/>B\u0119dziemy pracowa\u0107 kreatywnymi metodami. Opr\u00f3cz przekazanej wiedzy zale\u017cy nam na wprowadzeniu uczni\u00f3w w \u015bwiat metod, aby nauczy\u0107 si\u0119 uczy\u0107, poniewa\u017c czujemy, \u017ce to wa\u017cna sprawno\u015b\u0107 nadchodz\u0105cej przysz\u0142o\u015bci. Opr\u00f3cz zdania matury chcemy zaciekawia\u0107 \u015bwiatem, prowadzi\u0107 przez niuanse nauki, monitorowa\u0107 post\u0119py.<\/p>\t\t\t\t\t\t\t\t<\/div>\n\t\t\t\t<\/div>\n\t\t\t\t<\/div>\n\t\t\t\t<\/div>\n\t\t<div class=\"elementor-element elementor-element-eb810c8 e-con-full e-flex e-con e-parent\" data-id=\"eb810c8\" data-element_type=\"container\">\n\t\t\t\t<div class=\"elementor-element elementor-element-2bd9f53 elementor-widget__width-initial elementor-widget elementor-widget-image\" data-id=\"2bd9f53\" data-element_type=\"widget\" data-widget_type=\"image.default\">\n\t\t\t\t<div class=\"elementor-widget-container\">\n\t\t\t\t\t\t\t\t\t\t\t\t\t\t\t<img fetchpriority=\"high\" decoding=\"async\" width=\"1707\" height=\"2560\" src=\"https:\/\/otwarteszkoly.eu\/wp-content\/uploads\/2024\/07\/happy-group-friends-with-thumbs-up-scaled.jpg\" class=\"attachment-full size-full wp-image-286\" alt=\"\" srcset=\"https:\/\/otwarteszkoly.eu\/wp-content\/uploads\/2024\/07\/happy-group-friends-with-thumbs-up-scaled.jpg 1707w, https:\/\/otwarteszkoly.eu\/wp-content\/uploads\/2024\/07\/happy-group-friends-with-thumbs-up-200x300.jpg 200w, https:\/\/otwarteszkoly.eu\/wp-content\/uploads\/2024\/07\/happy-group-friends-with-thumbs-up-683x1024.jpg 683w, https:\/\/otwarteszkoly.eu\/wp-content\/uploads\/2024\/07\/happy-group-friends-with-thumbs-up-768x1152.jpg 768w, https:\/\/otwarteszkoly.eu\/wp-content\/uploads\/2024\/07\/happy-group-friends-with-thumbs-up-1024x1536.jpg 1024w, https:\/\/otwarteszkoly.eu\/wp-content\/uploads\/2024\/07\/happy-group-friends-with-thumbs-up-1365x2048.jpg 1365w\" sizes=\"(max-width: 1707px) 100vw, 1707px\" \/>\t\t\t\t\t\t\t\t\t\t\t\t\t\t\t<\/div>\n\t\t\t\t<\/div>\n\t\t<div class=\"elementor-element elementor-element-9afdc4b e-con-full e-flex e-con e-child\" data-id=\"9afdc4b\" data-element_type=\"container\">\n\t\t\t\t<div class=\"elementor-element elementor-element-899db47 elementor-widget elementor-widget-heading\" data-id=\"899db47\" data-element_type=\"widget\" data-widget_type=\"heading.default\">\n\t\t\t\t<div class=\"elementor-widget-container\">\n\t\t\t\t\t<h1 class=\"elementor-heading-title elementor-size-default\">Miejsce, gdzie uwierzysz w siebie<br> i swoje umiej\u0119tno\u015bci<\/h1>\t\t\t\t<\/div>\n\t\t\t\t<\/div>\n\t\t\t\t<div class=\"elementor-element elementor-element-050c1a2 elementor-widget__width-initial elementor-widget-mobile__width-inherit elementor-widget elementor-widget-text-editor\" data-id=\"050c1a2\" data-element_type=\"widget\" data-widget_type=\"text-editor.default\">\n\t\t\t\t<div class=\"elementor-widget-container\">\n\t\t\t\t\t\t\t\t\t<p>Do stworzenia Otwartego Liceum zmobilizowa\u0142y nas kilkuletnie do\u015bwiadczenia w nieefektywnej edukacji systemowej, kt\u00f3re u\u015bwiadomi\u0142y nam jak niedopasowany do prawid\u0142owego rozwoju m\u0142odych ludzi jest system nauczania w szkole. Otwarte Liceum jest zupe\u0142nie inne, opiera si\u0119 na wzmacnianiu poczucia w\u0142asnej warto\u015bci i zaufania do siebie oraz wspiera naturalny proces kreatywnego uczenia si\u0119.<\/p>\n<p>Codziennie wspieramy m\u0142odych ludzi w odkrywaniu ich unikatowej osobowo\u015bci. Nie przygotowujemy m\u0142odzie\u017cy do sukces\u00f3w w ka\u017cdej dziedzinie, ale do bycia spe\u0142nionym, szcz\u0119\u015bliwym cz\u0142owiekiem, kt\u00f3ry z zaanga\u017cowaniem po\u015bwi\u0119ca si\u0119 swojej pasji i rozwija swoje zainteresowania, tak aby w przysz\u0142o\u015bci mog\u0142y one sta\u0107 si\u0119 jego \u017ar\u00f3d\u0142em utrzymania. Takie odkrywanie i piel\u0119gnowanie umiej\u0119tno\u015bci wymaga wieloletnich poszukiwa\u0144 &#8211; z nami rozpoczniesz ten proces.<\/p>\t\t\t\t\t\t\t\t<\/div>\n\t\t\t\t<\/div>\n\t\t\t\t<\/div>\n\t\t<div class=\"elementor-element elementor-element-bf0d106 e-con-full e-flex e-con e-child\" data-id=\"bf0d106\" data-element_type=\"container\" data-settings=\"{&quot;background_background&quot;:&quot;classic&quot;}\">\n\t\t\t\t<\/div>\n\t\t\t\t<\/div>\n\t\t<div class=\"elementor-element elementor-element-a2cc451 e-flex e-con-boxed e-con e-parent\" data-id=\"a2cc451\" data-element_type=\"container\">\n\t\t\t\t\t<div class=\"e-con-inner\">\n\t\t\t\t<div class=\"elementor-element elementor-element-aa616e1 elementor-widget elementor-widget-heading\" data-id=\"aa616e1\" data-element_type=\"widget\" data-widget_type=\"heading.default\">\n\t\t\t\t<div class=\"elementor-widget-container\">\n\t\t\t\t\t<h2 class=\"elementor-heading-title elementor-size-default\">Dlaczego Otwarte Liceum?<\/h2>\t\t\t\t<\/div>\n\t\t\t\t<\/div>\n\t\t<div class=\"elementor-element elementor-element-7730107 e-con-full e-flex e-con e-child\" data-id=\"7730107\" data-element_type=\"container\">\n\t\t<div class=\"elementor-element elementor-element-5952c50 e-con-full e-flex e-con e-child\" data-id=\"5952c50\" data-element_type=\"container\" data-settings=\"{&quot;background_background&quot;:&quot;classic&quot;}\">\n\t\t\t\t<div class=\"elementor-element elementor-element-5c0fbae elementor-widget elementor-widget-heading\" data-id=\"5c0fbae\" data-element_type=\"widget\" data-widget_type=\"heading.default\">\n\t\t\t\t<div class=\"elementor-widget-container\">\n\t\t\t\t\t<h4 class=\"elementor-heading-title elementor-size-default\">Wolno\u015b\u0107<\/h4>\t\t\t\t<\/div>\n\t\t\t\t<\/div>\n\t\t\t\t<div class=\"elementor-element elementor-element-1d51f23 elementor-widget-divider--view-line elementor-widget elementor-widget-divider\" data-id=\"1d51f23\" data-element_type=\"widget\" data-widget_type=\"divider.default\">\n\t\t\t\t<div class=\"elementor-widget-container\">\n\t\t\t\t\t\t\t<div class=\"elementor-divider\">\n\t\t\t<span class=\"elementor-divider-separator\">\n\t\t\t\t\t\t<\/span>\n\t\t<\/div>\n\t\t\t\t\t\t<\/div>\n\t\t\t\t<\/div>\n\t\t\t\t<div class=\"elementor-element elementor-element-2459fec elementor-widget elementor-widget-text-editor\" data-id=\"2459fec\" data-element_type=\"widget\" data-widget_type=\"text-editor.default\">\n\t\t\t\t<div class=\"elementor-widget-container\">\n\t\t\t\t\t\t\t\t\t<p>Dzi\u0119ki braku zada\u0144 domowych i elastyczno\u015bci w zaliczaniu materia\u0142u dzieci popo\u0142udniami mog\u0105 odda\u0107 si\u0119 swoim pasjom, trenowa\u0107 sport czy sp\u0119dza\u0107 wi\u0119cej czasu z rodzin\u0105 i przyjaci\u00f3\u0142mi<\/p>\t\t\t\t\t\t\t\t<\/div>\n\t\t\t\t<\/div>\n\t\t\t\t<\/div>\n\t\t<div class=\"elementor-element elementor-element-e6c8ebb e-con-full e-flex e-con e-child\" data-id=\"e6c8ebb\" data-element_type=\"container\" data-settings=\"{&quot;background_background&quot;:&quot;classic&quot;}\">\n\t\t\t\t<div class=\"elementor-element elementor-element-54e4c52 elementor-widget elementor-widget-heading\" data-id=\"54e4c52\" data-element_type=\"widget\" data-widget_type=\"heading.default\">\n\t\t\t\t<div class=\"elementor-widget-container\">\n\t\t\t\t\t<h4 class=\"elementor-heading-title elementor-size-default\">Nauka<\/h4>\t\t\t\t<\/div>\n\t\t\t\t<\/div>\n\t\t\t\t<div class=\"elementor-element elementor-element-55a941c elementor-widget-divider--view-line elementor-widget elementor-widget-divider\" data-id=\"55a941c\" data-element_type=\"widget\" data-widget_type=\"divider.default\">\n\t\t\t\t<div class=\"elementor-widget-container\">\n\t\t\t\t\t\t\t<div class=\"elementor-divider\">\n\t\t\t<span class=\"elementor-divider-separator\">\n\t\t\t\t\t\t<\/span>\n\t\t<\/div>\n\t\t\t\t\t\t<\/div>\n\t\t\t\t<\/div>\n\t\t\t\t<div class=\"elementor-element elementor-element-8730bf0 elementor-widget elementor-widget-text-editor\" data-id=\"8730bf0\" data-element_type=\"widget\" data-widget_type=\"text-editor.default\">\n\t\t\t\t<div class=\"elementor-widget-container\">\n\t\t\t\t\t\t\t\t\t<p>Dzi\u0119ki naturalnej dzieci\u0119cej potrzebie nauki i eksploracji otoczenia mamy u\u0142atwione zadanie &#8211; wystarczy nie zniech\u0119ci\u0107 dziecka do nauki a samo rozwinie si\u0119 w najlepszym dla niego kierunku<\/p>\t\t\t\t\t\t\t\t<\/div>\n\t\t\t\t<\/div>\n\t\t\t\t<\/div>\n\t\t<div class=\"elementor-element elementor-element-aa3926f e-con-full e-flex e-con e-child\" data-id=\"aa3926f\" data-element_type=\"container\" data-settings=\"{&quot;background_background&quot;:&quot;classic&quot;}\">\n\t\t\t\t<div class=\"elementor-element elementor-element-9438b57 elementor-widget elementor-widget-heading\" data-id=\"9438b57\" data-element_type=\"widget\" data-widget_type=\"heading.default\">\n\t\t\t\t<div class=\"elementor-widget-container\">\n\t\t\t\t\t<h4 class=\"elementor-heading-title elementor-size-default\">Relacje<\/h4>\t\t\t\t<\/div>\n\t\t\t\t<\/div>\n\t\t\t\t<div class=\"elementor-element elementor-element-582c38c elementor-widget-divider--view-line elementor-widget elementor-widget-divider\" data-id=\"582c38c\" data-element_type=\"widget\" data-widget_type=\"divider.default\">\n\t\t\t\t<div class=\"elementor-widget-container\">\n\t\t\t\t\t\t\t<div class=\"elementor-divider\">\n\t\t\t<span class=\"elementor-divider-separator\">\n\t\t\t\t\t\t<\/span>\n\t\t<\/div>\n\t\t\t\t\t\t<\/div>\n\t\t\t\t<\/div>\n\t\t\t\t<div class=\"elementor-element elementor-element-fc9a8a6 elementor-widget elementor-widget-text-editor\" data-id=\"fc9a8a6\" data-element_type=\"widget\" data-widget_type=\"text-editor.default\">\n\t\t\t\t<div class=\"elementor-widget-container\">\n\t\t\t\t\t\t\t\t\t<p>U nas ka\u017cdy cz\u0142onek spo\u0142eczno\u015bci &#8211; zar\u00f3wno ucze\u0144, nauczyciel jak i rodzic jest wa\u017cny, a r\u00f3\u017cnorodno\u015b\u0107 z jak\u0105 spotykamy si\u0119 w grupach pozwala na nauk\u0119 budowania prawdziwych relacji opartych na empatii, zaufaniu i bezpiecze\u0144stwie<\/p>\t\t\t\t\t\t\t\t<\/div>\n\t\t\t\t<\/div>\n\t\t\t\t<\/div>\n\t\t<div class=\"elementor-element elementor-element-90f7966 e-con-full e-flex e-con e-child\" data-id=\"90f7966\" data-element_type=\"container\" data-settings=\"{&quot;background_background&quot;:&quot;classic&quot;}\">\n\t\t\t\t<div class=\"elementor-element elementor-element-d0c2c97 elementor-widget elementor-widget-heading\" data-id=\"d0c2c97\" data-element_type=\"widget\" data-widget_type=\"heading.default\">\n\t\t\t\t<div class=\"elementor-widget-container\">\n\t\t\t\t\t<h4 class=\"elementor-heading-title elementor-size-default\">Rozw\u00f3j<\/h4>\t\t\t\t<\/div>\n\t\t\t\t<\/div>\n\t\t\t\t<div class=\"elementor-element elementor-element-43b43c0 elementor-widget-divider--view-line elementor-widget elementor-widget-divider\" data-id=\"43b43c0\" data-element_type=\"widget\" data-widget_type=\"divider.default\">\n\t\t\t\t<div class=\"elementor-widget-container\">\n\t\t\t\t\t\t\t<div class=\"elementor-divider\">\n\t\t\t<span class=\"elementor-divider-separator\">\n\t\t\t\t\t\t<\/span>\n\t\t<\/div>\n\t\t\t\t\t\t<\/div>\n\t\t\t\t<\/div>\n\t\t\t\t<div class=\"elementor-element elementor-element-a929ee7 elementor-widget elementor-widget-text-editor\" data-id=\"a929ee7\" data-element_type=\"widget\" data-widget_type=\"text-editor.default\">\n\t\t\t\t<div class=\"elementor-widget-container\">\n\t\t\t\t\t\t\t\t\t<p>Dbamy zar\u00f3wno o rozw\u00f3j emocjonalny jak i fizyczny. Dzieci potrzebuj\u0105 wszechstronnych bod\u017ac\u00f3w, aby prawid\u0142owo si\u0119 rozwija\u0107 i m\u00f3c pod\u0105\u017ca\u0107 za swoimi zainteresowaniami<\/p>\t\t\t\t\t\t\t\t<\/div>\n\t\t\t\t<\/div>\n\t\t\t\t<\/div>\n\t\t\t\t<\/div>\n\t\t\t\t\t<\/div>\n\t\t\t\t<\/div>\n\t\t<div class=\"elementor-element elementor-element-714aab6 e-flex e-con-boxed e-con e-parent\" data-id=\"714aab6\" data-element_type=\"container\">\n\t\t\t\t\t<div class=\"e-con-inner\">\n\t\t\t\t<div class=\"elementor-element elementor-element-ed296c8 elementor-widget elementor-widget-spacer\" data-id=\"ed296c8\" data-element_type=\"widget\" data-widget_type=\"spacer.default\">\n\t\t\t\t<div class=\"elementor-widget-container\">\n\t\t\t\t\t\t\t<div class=\"elementor-spacer\">\n\t\t\t<div class=\"elementor-spacer-inner\"><\/div>\n\t\t<\/div>\n\t\t\t\t\t\t<\/div>\n\t\t\t\t<\/div>\n\t\t\t\t<div class=\"elementor-element elementor-element-7eadbbe elementor-align-center elementor-widget elementor-widget-button\" data-id=\"7eadbbe\" data-element_type=\"widget\" data-widget_type=\"button.default\">\n\t\t\t\t<div class=\"elementor-widget-container\">\n\t\t\t\t\t\t\t\t\t<div class=\"elementor-button-wrapper\">\n\t\t\t\t\t<a class=\"elementor-button elementor-button-link elementor-size-sm\" href=\"https:\/\/otwarteszkoly.eu\/?page_id=561\">\n\t\t\t\t\t\t<span class=\"elementor-button-content-wrapper\">\n\t\t\t\t\t\t\t\t\t<span class=\"elementor-button-text\">Przygotowanie do matury<\/span>\n\t\t\t\t\t<\/span>\n\t\t\t\t\t<\/a>\n\t\t\t\t<\/div>\n\t\t\t\t\t\t\t\t<\/div>\n\t\t\t\t<\/div>\n\t\t\t\t\t<\/div>\n\t\t\t\t<\/div>\n\t\t<div class=\"elementor-element elementor-element-153b664 e-flex e-con-boxed e-con e-parent\" data-id=\"153b664\" data-element_type=\"container\">\n\t\t\t\t\t<div class=\"e-con-inner\">\n\t\t\t\t<div class=\"elementor-element elementor-element-33990b8 elementor-widget elementor-widget-spacer\" data-id=\"33990b8\" data-element_type=\"widget\" data-widget_type=\"spacer.default\">\n\t\t\t\t<div class=\"elementor-widget-container\">\n\t\t\t\t\t\t\t<div class=\"elementor-spacer\">\n\t\t\t<div class=\"elementor-spacer-inner\"><\/div>\n\t\t<\/div>\n\t\t\t\t\t\t<\/div>\n\t\t\t\t<\/div>\n\t\t\t\t\t<\/div>\n\t\t\t\t<\/div>\n\t\t<div class=\"elementor-element elementor-element-6e29257 e-flex e-con-boxed e-con e-parent\" data-id=\"6e29257\" data-element_type=\"container\">\n\t\t\t\t\t<div class=\"e-con-inner\">\n\t\t\t\t<div class=\"elementor-element elementor-element-e24e2a0 elementor-align-center elementor-widget elementor-widget-button\" data-id=\"e24e2a0\" data-element_type=\"widget\" data-widget_type=\"button.default\">\n\t\t\t\t<div class=\"elementor-widget-container\">\n\t\t\t\t\t\t\t\t\t<div class=\"elementor-button-wrapper\">\n\t\t\t\t\t<a class=\"elementor-button elementor-button-link elementor-size-sm\" href=\"https:\/\/otwarteszkoly.eu\/?page_id=16\">\n\t\t\t\t\t\t<span class=\"elementor-button-content-wrapper\">\n\t\t\t\t\t\t\t\t\t<span class=\"elementor-button-text\">Kontakt<\/span>\n\t\t\t\t\t<\/span>\n\t\t\t\t\t<\/a>\n\t\t\t\t<\/div>\n\t\t\t\t\t\t\t\t<\/div>\n\t\t\t\t<\/div>\n\t\t\t\t\t<\/div>\n\t\t\t\t<\/div>\n\t\t<div class=\"elementor-element elementor-element-faecfd2 e-flex e-con-boxed e-con e-parent\" data-id=\"faecfd2\" data-element_type=\"container\">\n\t\t\t\t\t<div class=\"e-con-inner\">\n\t\t\t\t<div class=\"elementor-element elementor-element-658f480 elementor-widget elementor-widget-spacer\" data-id=\"658f480\" data-element_type=\"widget\" data-widget_type=\"spacer.default\">\n\t\t\t\t<div class=\"elementor-widget-container\">\n\t\t\t\t\t\t\t<div class=\"elementor-spacer\">\n\t\t\t<div class=\"elementor-spacer-inner\"><\/div>\n\t\t<\/div>\n\t\t\t\t\t\t<\/div>\n\t\t\t\t<\/div>\n\t\t\t\t\t<\/div>\n\t\t\t\t<\/div>\n\t\t\t\t<\/div>\n\t\t","protected":false},"excerpt":{"rendered":"<p>NiepublicznE OtwartE LICEUM Liceum Og\u00f3lnokszta\u0142c\u0105ce W roku szkolnym 2024\/25 otwieramy autorsk\u0105 klas\u0119 licealn\u0105 z wiod\u0105cymi przedmiotami: biologia, matematyka, j\u0119zyk polski oraz j\u0119zyk angielski. B\u0119dziemy pracowa\u0107 kreatywnymi metodami. Opr\u00f3cz przekazanej wiedzy &#8230;<\/p>\n","protected":false},"author":1,"featured_media":0,"parent":0,"menu_order":0,"comment_status":"closed","ping_status":"closed","template":"elementor_header_footer","meta":{"footnotes":""},"class_list":["post-257","page","type-page","status-publish","hentry"],"_links":{"self":[{"href":"https:\/\/otwarteszkoly.eu\/index.php?rest_route=\/wp\/v2\/pages\/257","targetHints":{"allow":["GET"]}}],"collection":[{"href":"https:\/\/otwarteszkoly.eu\/index.php?rest_route=\/wp\/v2\/pages"}],"about":[{"href":"https:\/\/otwarteszkoly.eu\/index.php?rest_route=\/wp\/v2\/types\/page"}],"author":[{"embeddable":true,"href":"https:\/\/otwarteszkoly.eu\/index.php?rest_route=\/wp\/v2\/users\/1"}],"replies":[{"embeddable":true,"href":"https:\/\/otwarteszkoly.eu\/index.php?rest_route=%2Fwp%2Fv2%2Fcomments&post=257"}],"version-history":[{"count":25,"href":"https:\/\/otwarteszkoly.eu\/index.php?rest_route=\/wp\/v2\/pages\/257\/revisions"}],"predecessor-version":[{"id":1815,"href":"https:\/\/otwarteszkoly.eu\/index.php?rest_route=\/wp\/v2\/pages\/257\/revisions\/1815"}],"wp:attachment":[{"href":"https:\/\/otwarteszkoly.eu\/index.php?rest_route=%2Fwp%2Fv2%2Fmedia&parent=257"}],"curies":[{"name":"wp","href":"https:\/\/api.w.org\/{rel}","templated":true}]}}