{"id":2338,"date":"2025-01-27T15:07:24","date_gmt":"2025-01-27T14:07:24","guid":{"rendered":"https:\/\/otwarteszkoly.eu\/?page_id=2338"},"modified":"2026-01-27T15:12:55","modified_gmt":"2026-01-27T14:12:55","slug":"opp","status":"publish","type":"page","link":"https:\/\/otwarteszkoly.eu\/?page_id=2338","title":{"rendered":"OPP"},"content":{"rendered":"\t\t<div data-elementor-type=\"wp-page\" data-elementor-id=\"2338\" class=\"elementor elementor-2338\">\n\t\t\t\t<div class=\"elementor-element elementor-element-bb723c3 e-flex e-con-boxed e-con e-parent\" data-id=\"bb723c3\" data-element_type=\"container\">\n\t\t\t\t\t<div class=\"e-con-inner\">\n\t\t<div class=\"elementor-element elementor-element-3d66f0e e-con-full e-flex e-con e-child\" data-id=\"3d66f0e\" data-element_type=\"container\">\n\t\t\t\t<div class=\"elementor-element elementor-element-2786fac elementor-widget elementor-widget-image\" data-id=\"2786fac\" data-element_type=\"widget\" data-widget_type=\"image.default\">\n\t\t\t\t<div class=\"elementor-widget-container\">\n\t\t\t\t\t\t\t\t\t\t\t\t\t\t\t<img fetchpriority=\"high\" decoding=\"async\" width=\"400\" height=\"400\" src=\"https:\/\/otwarteszkoly.eu\/wp-content\/uploads\/2025\/07\/opp-400x400-1.png\" class=\"attachment-onepress-medium size-onepress-medium wp-image-778\" alt=\"\" srcset=\"https:\/\/otwarteszkoly.eu\/wp-content\/uploads\/2025\/07\/opp-400x400-1.png 400w, https:\/\/otwarteszkoly.eu\/wp-content\/uploads\/2025\/07\/opp-400x400-1-300x300.png 300w, https:\/\/otwarteszkoly.eu\/wp-content\/uploads\/2025\/07\/opp-400x400-1-150x150.png 150w\" sizes=\"(max-width: 400px) 100vw, 400px\" \/>\t\t\t\t\t\t\t\t\t\t\t\t\t\t\t<\/div>\n\t\t\t\t<\/div>\n\t\t\t\t<\/div>\n\t\t<div class=\"elementor-element elementor-element-3f9df58 e-con-full e-flex e-con e-child\" data-id=\"3f9df58\" data-element_type=\"container\">\n\t\t\t\t<div class=\"elementor-element elementor-element-f62ef97 elementor-widget elementor-widget-text-editor\" data-id=\"f62ef97\" data-element_type=\"widget\" data-widget_type=\"text-editor.default\">\n\t\t\t\t<div class=\"elementor-widget-container\">\n\t\t\t\t\t\t\t\t\t<p>\u00a0<\/p><p>Z dum\u0105 informujemy, \u017ce Fundacja Serca Kreacja uzyska\u0142a status Organizacji Po\u017cytku Publicznego (OPP)! \u2764\ufe0f<\/p><p>To dla nas ogromny krok naprz\u00f3d i potwierdzenie, \u017ce nasza dzia\u0142alno\u015b\u0107 ma realne znaczenie i zaufanie spo\u0142eczne. Dzi\u0119ki statusowi OPP b\u0119dziemy mogli jeszcze skuteczniej pomaga\u0107, rozwija\u0107 nasze inicjatywy<br \/>i przyjmowa\u0107 1,5% podatku na nasz\u0105 dzia\u0142alno\u015b\u0107 \ud83d\udcaa<\/p><p><strong>Jak przekaza\u0107 nam 1,5% swojego podatku?<\/strong><\/p><p>Znajd\u017a sekcj\u0119 OPP w formularzu PIT (np. PIT-37, PIT-36) szukaj sekcji zatytu\u0142owanej:<\/p><p>&#8222;Wniosek o przekazanie 1,5% podatku nale\u017cnego na rzecz organizacji po\u017cytku publicznego (OPP)&#8221;.<\/p><p>Wpisz dane Fundacji Serca Kreacja i numer KRS: 0000898298<\/p><p>To wszystko! Dzi\u0119kujemy!<\/p>\t\t\t\t\t\t\t\t<\/div>\n\t\t\t\t<\/div>\n\t\t\t\t<\/div>\n\t\t\t\t\t<\/div>\n\t\t\t\t<\/div>\n\t\t\t\t<\/div>\n\t\t","protected":false},"excerpt":{"rendered":"<p>\u00a0 Z dum\u0105 informujemy, \u017ce Fundacja Serca Kreacja uzyska\u0142a status Organizacji Po\u017cytku Publicznego (OPP)! \u2764\ufe0f To dla nas ogromny krok naprz\u00f3d i potwierdzenie, \u017ce nasza dzia\u0142alno\u015b\u0107 ma realne znaczenie i &#8230;<\/p>\n","protected":false},"author":1,"featured_media":0,"parent":0,"menu_order":0,"comment_status":"closed","ping_status":"closed","template":"","meta":{"footnotes":""},"class_list":["post-2338","page","type-page","status-publish","hentry"],"_links":{"self":[{"href":"https:\/\/otwarteszkoly.eu\/index.php?rest_route=\/wp\/v2\/pages\/2338","targetHints":{"allow":["GET"]}}],"collection":[{"href":"https:\/\/otwarteszkoly.eu\/index.php?rest_route=\/wp\/v2\/pages"}],"about":[{"href":"https:\/\/otwarteszkoly.eu\/index.php?rest_route=\/wp\/v2\/types\/page"}],"author":[{"embeddable":true,"href":"https:\/\/otwarteszkoly.eu\/index.php?rest_route=\/wp\/v2\/users\/1"}],"replies":[{"embeddable":true,"href":"https:\/\/otwarteszkoly.eu\/index.php?rest_route=%2Fwp%2Fv2%2Fcomments&post=2338"}],"version-history":[{"count":5,"href":"https:\/\/otwarteszkoly.eu\/index.php?rest_route=\/wp\/v2\/pages\/2338\/revisions"}],"predecessor-version":[{"id":2343,"href":"https:\/\/otwarteszkoly.eu\/index.php?rest_route=\/wp\/v2\/pages\/2338\/revisions\/2343"}],"wp:attachment":[{"href":"https:\/\/otwarteszkoly.eu\/index.php?rest_route=%2Fwp%2Fv2%2Fmedia&parent=2338"}],"curies":[{"name":"wp","href":"https:\/\/api.w.org\/{rel}","templated":true}]}}