{"id":2008,"date":"2025-10-06T10:43:48","date_gmt":"2025-10-06T08:43:48","guid":{"rendered":"https:\/\/otwarteszkoly.eu\/?page_id=2008"},"modified":"2026-02-06T11:29:05","modified_gmt":"2026-02-06T10:29:05","slug":"dzienotwarty","status":"publish","type":"page","link":"https:\/\/otwarteszkoly.eu\/?page_id=2008","title":{"rendered":"wydarzenia -> Dzie\u0144 Otwarty 2026"},"content":{"rendered":"\t\t<div data-elementor-type=\"wp-page\" data-elementor-id=\"2008\" class=\"elementor elementor-2008\">\n\t\t\t\t<div class=\"elementor-element elementor-element-495d3f2 e-flex e-con-boxed e-con e-parent\" data-id=\"495d3f2\" data-element_type=\"container\">\n\t\t\t\t\t<div class=\"e-con-inner\">\n\t\t\t\t<div class=\"elementor-element elementor-element-843a5bc elementor-position-top elementor-widget elementor-widget-image-box\" data-id=\"843a5bc\" data-element_type=\"widget\" data-widget_type=\"image-box.default\">\n\t\t\t\t<div class=\"elementor-widget-container\">\n\t\t\t\t\t<div class=\"elementor-image-box-wrapper\"><figure class=\"elementor-image-box-img\"><img fetchpriority=\"high\" decoding=\"async\" width=\"1080\" height=\"994\" src=\"https:\/\/otwarteszkoly.eu\/wp-content\/uploads\/2026\/02\/dzien-otwart-na-www-1-1.jpg\" class=\"attachment-full size-full wp-image-2366\" alt=\"\" srcset=\"https:\/\/otwarteszkoly.eu\/wp-content\/uploads\/2026\/02\/dzien-otwart-na-www-1-1.jpg 1080w, https:\/\/otwarteszkoly.eu\/wp-content\/uploads\/2026\/02\/dzien-otwart-na-www-1-1-300x276.jpg 300w, https:\/\/otwarteszkoly.eu\/wp-content\/uploads\/2026\/02\/dzien-otwart-na-www-1-1-1024x942.jpg 1024w, https:\/\/otwarteszkoly.eu\/wp-content\/uploads\/2026\/02\/dzien-otwart-na-www-1-1-768x707.jpg 768w\" sizes=\"(max-width: 1080px) 100vw, 1080px\" \/><\/figure><div class=\"elementor-image-box-content\"><h3 class=\"elementor-image-box-title\"><b>Zapraszamy w czwartek 5 marca o godzinie 10:00  <br> <b> <\/h3><p class=\"elementor-image-box-description\">Zaplanowali\u015bmy Dzie\u0144 Otwarty w Szkole Podstawowej    w grupie edukacji wczesnoszkolnej aby u\u0142atwi\u0107 Pa\u0144stwu decyzj\u0119 o wyborze szko\u0142y dla swojego dziecka.<br><br> \n\n\n\u2022 zapraszamy uczni\u00f3w wraz z rodzicami<br>\n\u2022 osoby zainteresowane rekrutacj\u0105 do grupy edukacji wczesnoszkolnej <br>\n\u2022 wszystkich ch\u0119tnych pozna\u0107 nasz\u0105 szko\u0142\u0119 <br><br>\n\n<b>Tego dnia:<b> <br>\n- b\u0119dzie mo\u017cna porozmawia\u0107 z wychowawcami grupy wczesnoszkolnej<br>\n- pozna\u0107 zasady funkcjonowania szko\u0142y oraz formy pracy z najm\u0142odszymi<br>\n- dzieci wezm\u0105 udzia\u0142 w zaj\u0119ciach pokazowych <br>\n- ch\u0119tne osoby zapoznamy z procesem rekrutacji.\n<br> <br> <br> <br>\n<\/p><\/div><\/div>\t\t\t\t<\/div>\n\t\t\t\t<\/div>\n\t\t\t\t\t<\/div>\n\t\t\t\t<\/div>\n\t\t\t\t<\/div>\n\t\t","protected":false},"excerpt":{"rendered":"<p>Zapraszamy w czwartek 5 marca o godzinie 10:00 Zaplanowali\u015bmy Dzie\u0144 Otwarty w Szkole Podstawowej w grupie edukacji wczesnoszkolnej aby u\u0142atwi\u0107 Pa\u0144stwu decyzj\u0119 o wyborze szko\u0142y dla swojego dziecka. \u2022 zapraszamy &#8230;<\/p>\n","protected":false},"author":1,"featured_media":0,"parent":0,"menu_order":0,"comment_status":"closed","ping_status":"closed","template":"","meta":{"footnotes":""},"class_list":["post-2008","page","type-page","status-publish","hentry"],"_links":{"self":[{"href":"https:\/\/otwarteszkoly.eu\/index.php?rest_route=\/wp\/v2\/pages\/2008","targetHints":{"allow":["GET"]}}],"collection":[{"href":"https:\/\/otwarteszkoly.eu\/index.php?rest_route=\/wp\/v2\/pages"}],"about":[{"href":"https:\/\/otwarteszkoly.eu\/index.php?rest_route=\/wp\/v2\/types\/page"}],"author":[{"embeddable":true,"href":"https:\/\/otwarteszkoly.eu\/index.php?rest_route=\/wp\/v2\/users\/1"}],"replies":[{"embeddable":true,"href":"https:\/\/otwarteszkoly.eu\/index.php?rest_route=%2Fwp%2Fv2%2Fcomments&post=2008"}],"version-history":[{"count":15,"href":"https:\/\/otwarteszkoly.eu\/index.php?rest_route=\/wp\/v2\/pages\/2008\/revisions"}],"predecessor-version":[{"id":2382,"href":"https:\/\/otwarteszkoly.eu\/index.php?rest_route=\/wp\/v2\/pages\/2008\/revisions\/2382"}],"wp:attachment":[{"href":"https:\/\/otwarteszkoly.eu\/index.php?rest_route=%2Fwp%2Fv2%2Fmedia&parent=2008"}],"curies":[{"name":"wp","href":"https:\/\/api.w.org\/{rel}","templated":true}]}}